{"id":12,"date":"2019-12-20T21:20:54","date_gmt":"2019-12-20T21:20:54","guid":{"rendered":"https:\/\/www.capricare.eu\/goldengoat-hcp\/?page_id=12"},"modified":"2023-05-04T20:24:15","modified_gmt":"2023-05-04T20:24:15","slug":"uretim-surecimiz","status":"publish","type":"page","link":"https:\/\/www.goldengoat.com.tr\/hcp\/uretim-surecimiz\/","title":{"rendered":"\u00dcretim s\u00fcrecimiz"},"content":{"rendered":"[vc_row type=&#8221;full_width_content&#8221; full_screen_row_position=&#8221;middle&#8221; column_margin=&#8221;default&#8221; scene_position=&#8221;center&#8221; text_color=&#8221;dark&#8221; text_align=&#8221;left&#8221; id=&#8221;bread-note&#8221; overlay_strength=&#8221;0.3&#8243; shape_divider_position=&#8221;bottom&#8221; bg_image_animation=&#8221;none&#8221; shape_type=&#8221;&#8221;][vc_column column_padding=&#8221;no-extra-padding&#8221; column_padding_position=&#8221;all&#8221; background_color_opacity=&#8221;1&#8243; background_hover_color_opacity=&#8221;1&#8243; column_link_target=&#8221;_self&#8221; column_shadow=&#8221;none&#8221; column_border_radius=&#8221;none&#8221; width=&#8221;1\/1&#8243; tablet_width_inherit=&#8221;default&#8221; tablet_text_alignment=&#8221;default&#8221; phone_text_alignment=&#8221;default&#8221; overlay_strength=&#8221;0.3&#8243; column_border_width=&#8221;none&#8221; column_border_style=&#8221;solid&#8221; bg_image_animation=&#8221;none&#8221;][divider line_type=&#8221;No Line&#8221; custom_height=&#8221;20&#8243;][vc_column_text el_class=&#8221;note&#8221;]\u00dcretim s\u00fcrecimiz[\/vc_column_text][\/vc_column][\/vc_row][vc_row type=&#8221;full_width_background&#8221; full_screen_row_position=&#8221;middle&#8221; column_margin=&#8221;default&#8221; scene_position=&#8221;center&#8221; text_color=&#8221;dark&#8221; text_align=&#8221;left&#8221; id=&#8221;our-process&#8221; overlay_strength=&#8221;0.3&#8243; shape_divider_position=&#8221;bottom&#8221; bg_image_animation=&#8221;none&#8221; shape_type=&#8221;&#8221;][vc_column column_padding=&#8221;no-extra-padding&#8221; column_padding_position=&#8221;all&#8221; background_color_opacity=&#8221;1&#8243; background_hover_color_opacity=&#8221;1&#8243; column_link_target=&#8221;_self&#8221; column_shadow=&#8221;none&#8221; column_border_radius=&#8221;none&#8221; width=&#8221;1\/1&#8243; tablet_width_inherit=&#8221;default&#8221; tablet_text_alignment=&#8221;default&#8221; phone_text_alignment=&#8221;default&#8221; overlay_strength=&#8221;0.3&#8243; column_border_width=&#8221;none&#8221; column_border_style=&#8221;solid&#8221; bg_image_animation=&#8221;none&#8221;][vc_row_inner column_margin=&#8221;default&#8221; text_align=&#8221;left&#8221; el_id=&#8221;why-capricare-in&#8221;][vc_column_inner column_padding=&#8221;no-extra-padding&#8221; column_padding_position=&#8221;all&#8221; background_color_opacity=&#8221;1&#8243; background_hover_color_opacity=&#8221;1&#8243; column_shadow=&#8221;none&#8221; column_border_radius=&#8221;none&#8221; column_link_target=&#8221;_self&#8221; width=&#8221;1\/2&#8243; tablet_width_inherit=&#8221;default&#8221; overlay_strength=&#8221;0.3&#8243; column_border_width=&#8221;none&#8221; column_border_style=&#8221;solid&#8221; bg_image_animation=&#8221;none&#8221;][vc_column_text]\n<h1>\u00d6zenli \u00fcretim <strong>s\u00fcrecimize g\u00f6z<\/strong> at\u0131n ve bizi farkl\u0131 k\u0131lan \u015feyi g\u00f6r\u00fcn<\/h1>\n[\/vc_column_text][\/vc_column_inner][vc_column_inner column_padding=&#8221;no-extra-padding&#8221; column_padding_position=&#8221;all&#8221; background_color_opacity=&#8221;1&#8243; background_hover_color_opacity=&#8221;1&#8243; column_shadow=&#8221;none&#8221; column_border_radius=&#8221;none&#8221; column_link_target=&#8221;_self&#8221; width=&#8221;1\/2&#8243; tablet_width_inherit=&#8221;default&#8221; overlay_strength=&#8221;0.3&#8243; column_border_width=&#8221;none&#8221; column_border_style=&#8221;solid&#8221; bg_image_animation=&#8221;none&#8221;][\/vc_column_inner][\/vc_row_inner][\/vc_column][\/vc_row][vc_row type=&#8221;full_width_background&#8221; full_screen_row_position=&#8221;middle&#8221; column_margin=&#8221;default&#8221; scene_position=&#8221;center&#8221; text_color=&#8221;dark&#8221; text_align=&#8221;left&#8221; class=&#8221;process-header&#8221; overlay_strength=&#8221;0.3&#8243; shape_divider_position=&#8221;bottom&#8221; bg_image_animation=&#8221;none&#8221; shape_type=&#8221;&#8221;][vc_column column_padding=&#8221;no-extra-padding&#8221; column_padding_position=&#8221;all&#8221; background_color_opacity=&#8221;1&#8243; background_hover_color_opacity=&#8221;1&#8243; column_link_target=&#8221;_self&#8221; column_shadow=&#8221;none&#8221; column_border_radius=&#8221;none&#8221; width=&#8221;1\/2&#8243; tablet_width_inherit=&#8221;default&#8221; tablet_text_alignment=&#8221;default&#8221; phone_text_alignment=&#8221;default&#8221; overlay_strength=&#8221;0.3&#8243; column_border_width=&#8221;none&#8221; column_border_style=&#8221;solid&#8221; bg_image_animation=&#8221;none&#8221;][\/vc_column][vc_column column_padding=&#8221;no-extra-padding&#8221; column_padding_position=&#8221;all&#8221; background_color_opacity=&#8221;1&#8243; background_hover_color_opacity=&#8221;1&#8243; column_link_target=&#8221;_self&#8221; column_shadow=&#8221;none&#8221; column_border_radius=&#8221;none&#8221; width=&#8221;1\/2&#8243; tablet_width_inherit=&#8221;default&#8221; tablet_text_alignment=&#8221;default&#8221; phone_text_alignment=&#8221;default&#8221; overlay_strength=&#8221;0.3&#8243; column_border_width=&#8221;none&#8221; column_border_style=&#8221;solid&#8221; bg_image_animation=&#8221;none&#8221;][image_with_animation image_url=&#8221;398&#8243; alignment=&#8221;&#8221; animation=&#8221;Fade In From Right&#8221; hover_animation=&#8221;none&#8221; border_radius=&#8221;none&#8221; box_shadow=&#8221;none&#8221; image_loading=&#8221;default&#8221; max_width=&#8221;100%&#8221; max_width_mobile=&#8221;default&#8221;][\/vc_column][\/vc_row][vc_row type=&#8221;in_container&#8221; full_screen_row_position=&#8221;middle&#8221; column_margin=&#8221;default&#8221; scene_position=&#8221;center&#8221; text_color=&#8221;dark&#8221; text_align=&#8221;left&#8221; top_padding=&#8221;3%&#8221; bottom_padding=&#8221;5%&#8221; overlay_strength=&#8221;0.3&#8243; shape_divider_position=&#8221;bottom&#8221; bg_image_animation=&#8221;none&#8221; shape_type=&#8221;&#8221;][vc_column column_padding=&#8221;no-extra-padding&#8221; column_padding_position=&#8221;all&#8221; background_color_opacity=&#8221;1&#8243; background_hover_color_opacity=&#8221;1&#8243; column_link_target=&#8221;_self&#8221; column_shadow=&#8221;none&#8221; column_border_radius=&#8221;none&#8221; width=&#8221;1\/1&#8243; tablet_width_inherit=&#8221;default&#8221; tablet_text_alignment=&#8221;default&#8221; phone_text_alignment=&#8221;default&#8221; overlay_strength=&#8221;0.3&#8243; column_border_width=&#8221;none&#8221; column_border_style=&#8221;solid&#8221; bg_image_animation=&#8221;none&#8221;][vc_column_text]\n<h2>Tam Ya\u011fl\u0131 Ke\u00e7i S\u00fct\u00fc Kullan\u0131larak \u00dcretilmi\u015ftir<\/h2>\n<p>S\u00fct ya\u011f\u0131, anne s\u00fct\u00fcndeki \u00f6nemli besinlerden biridir. Golden Goat<sup>\u00ae<\/sup>\u202f\u00e7o\u011fu bebek form\u00fcl\u00fcn\u00fcn aksine tam ya\u011fl\u0131 s\u00fctten \u00fcretilir. Bu, Golden Goat<sup>\u00ae<\/sup>\u202fform\u00fcl\u00fcn\u00fcn do\u011fal bir s\u00fct ya\u011f\u0131 ve s\u00fct ya\u011f\u0131 yuvar\u0131na (MFGM) sahip olmas\u0131n\u0131 sa\u011flar. MFGM, biyo aktif lipidler (fosfolipid, sfingolipid ve kolesterol) ve membran spesifik proteinler i\u00e7erir. Ara\u015ft\u0131rmalar, bu \u00f6zelliklerin b\u00fcy\u00fcmekte olan bebekler i\u00e7in fizyolojik faydalar\u0131 oldu\u011funu g\u00f6stermi\u015ftir.<sup>1<\/sup>[\/vc_column_text][\/vc_column][\/vc_row][vc_row type=&#8221;full_width_background&#8221; full_screen_row_position=&#8221;middle&#8221; column_margin=&#8221;default&#8221; bg_color=&#8221;#e2efdc&#8221; scene_position=&#8221;center&#8221; text_color=&#8221;dark&#8221; text_align=&#8221;left&#8221; class=&#8221;hcp-special&#8221; overlay_strength=&#8221;0.3&#8243; shape_divider_position=&#8221;bottom&#8221; bg_image_animation=&#8221;none&#8221; shape_type=&#8221;&#8221;][vc_column column_padding=&#8221;no-extra-padding&#8221; column_padding_position=&#8221;all&#8221; background_color_opacity=&#8221;1&#8243; background_hover_color_opacity=&#8221;1&#8243; font_color=&#8221;#667667&#8243; column_link_target=&#8221;_self&#8221; column_shadow=&#8221;none&#8221; column_border_radius=&#8221;none&#8221; width=&#8221;1\/3&#8243; tablet_width_inherit=&#8221;default&#8221; tablet_text_alignment=&#8221;default&#8221; phone_text_alignment=&#8221;default&#8221; overlay_strength=&#8221;0.3&#8243; column_border_width=&#8221;none&#8221; column_border_style=&#8221;solid&#8221; bg_image_animation=&#8221;none&#8221;][vc_column_text el_class=&#8221;differences-3&#8243;]\n<h4>100%<\/h4>\n<h5>S\u00fct ya\u011f\u0131<\/h5>\n[\/vc_column_text][divider line_type=&#8221;No Line&#8221; custom_height=&#8221;20&#8243;][vc_column_text]\n<h5 style=\"text-align: center;\">Anne s\u00fct\u00fc<\/h5>\n[\/vc_column_text][\/vc_column][vc_column column_padding=&#8221;no-extra-padding&#8221; column_padding_position=&#8221;all&#8221; background_color_opacity=&#8221;1&#8243; background_hover_color_opacity=&#8221;1&#8243; column_link_target=&#8221;_self&#8221; column_shadow=&#8221;none&#8221; column_border_radius=&#8221;none&#8221; width=&#8221;1\/3&#8243; tablet_width_inherit=&#8221;default&#8221; tablet_text_alignment=&#8221;default&#8221; phone_text_alignment=&#8221;default&#8221; overlay_strength=&#8221;0.3&#8243; column_border_width=&#8221;none&#8221; column_border_style=&#8221;solid&#8221; bg_image_animation=&#8221;none&#8221;][vc_column_text el_class=&#8221;differences-2&#8243;]\n<h4>45%<\/h4>\n<h5>S\u00fct ya\u011f\u0131<\/h5>\n[\/vc_column_text][divider line_type=&#8221;No Line&#8221; custom_height=&#8221;20&#8243;][vc_column_text]\n<h5 style=\"text-align: center;\">Golden Goat<sup>\u00ae<\/sup><\/h5>\n[\/vc_column_text][\/vc_column][vc_column column_padding=&#8221;no-extra-padding&#8221; column_padding_position=&#8221;all&#8221; background_color_opacity=&#8221;1&#8243; background_hover_color_opacity=&#8221;1&#8243; column_link_target=&#8221;_self&#8221; column_shadow=&#8221;none&#8221; column_border_radius=&#8221;none&#8221; width=&#8221;1\/3&#8243; tablet_width_inherit=&#8221;default&#8221; tablet_text_alignment=&#8221;default&#8221; phone_text_alignment=&#8221;default&#8221; overlay_strength=&#8221;0.3&#8243; column_border_width=&#8221;none&#8221; column_border_style=&#8221;solid&#8221; bg_image_animation=&#8221;none&#8221;][vc_column_text el_class=&#8221;differences&#8221;]\n<h4>100%<\/h4>\n<h5>S\u00fct ya\u011f\u0131<\/h5>\n[\/vc_column_text][divider line_type=&#8221;No Line&#8221; custom_height=&#8221;20&#8243;][vc_column_text]\n<h5 style=\"text-align: center;\">Di\u011fer Genel Form\u00fcller<\/h5>\n[\/vc_column_text][\/vc_column][\/vc_row][vc_row type=&#8221;in_container&#8221; full_screen_row_position=&#8221;middle&#8221; column_margin=&#8221;default&#8221; scene_position=&#8221;center&#8221; text_color=&#8221;dark&#8221; text_align=&#8221;left&#8221; top_padding=&#8221;5%&#8221; bottom_padding=&#8221;5%&#8221; overlay_strength=&#8221;0.3&#8243; shape_divider_position=&#8221;bottom&#8221; bg_image_animation=&#8221;none&#8221; shape_type=&#8221;&#8221;][vc_column column_padding=&#8221;no-extra-padding&#8221; column_padding_position=&#8221;all&#8221; background_color_opacity=&#8221;1&#8243; background_hover_color_opacity=&#8221;1&#8243; column_link_target=&#8221;_self&#8221; column_shadow=&#8221;none&#8221; column_border_radius=&#8221;none&#8221; width=&#8221;3\/4&#8243; tablet_width_inherit=&#8221;default&#8221; tablet_text_alignment=&#8221;default&#8221; phone_text_alignment=&#8221;default&#8221; overlay_strength=&#8221;0.3&#8243; column_border_width=&#8221;none&#8221; column_border_style=&#8221;solid&#8221; bg_image_animation=&#8221;none&#8221;][vc_column_text]\n<h2>\u00d6zenle \u0130\u015flenmi\u015ftir<\/h2>\n<p>Golden Goat<sup>\u00ae<\/sup>\u202fbebek beslenme form\u00fclleri, tam ya\u011fl\u0131 s\u00fct kullan\u0131larak \u00fcretilir. Bu, daha az \u0131s\u0131tma ad\u0131m\u0131yla daha \u00f6zenle i\u015flendikleri anlam\u0131na gelir. Bu da proteinleri korurken protein glikasyonunu s\u0131n\u0131rland\u0131r\u0131r.<\/p>\n<p>Protein glikasyonu, proteinlerin yap\u0131s\u0131n\u0131 sindirimi etkileyebilecek ve ileri glikasyon son \u00fcr\u00fcnleri (AGE&#8217;ler) olu\u015fumuna neden olabilecek \u015fekilde de\u011fi\u015ftirir. Yiyeceklerden AGE&#8217;lerin t\u00fcketimi enflamasyon, oksidatif stres ve ins\u00fclin direnci ile ili\u015fkilendirilir.<sup>2,3<\/sup>[\/vc_column_text][\/vc_column][vc_column column_padding=&#8221;no-extra-padding&#8221; column_padding_position=&#8221;all&#8221; background_color_opacity=&#8221;1&#8243; background_hover_color_opacity=&#8221;1&#8243; column_link_target=&#8221;_self&#8221; column_shadow=&#8221;none&#8221; column_border_radius=&#8221;none&#8221; width=&#8221;1\/4&#8243; tablet_width_inherit=&#8221;default&#8221; tablet_text_alignment=&#8221;default&#8221; phone_text_alignment=&#8221;default&#8221; overlay_strength=&#8221;0.3&#8243; column_border_width=&#8221;none&#8221; column_border_style=&#8221;solid&#8221; bg_image_animation=&#8221;none&#8221;][image_with_animation image_url=&#8221;923&#8243; alignment=&#8221;center&#8221; animation=&#8221;Fade In&#8221; hover_animation=&#8221;none&#8221; border_radius=&#8221;none&#8221; box_shadow=&#8221;none&#8221; image_loading=&#8221;default&#8221; max_width=&#8221;100%&#8221; max_width_mobile=&#8221;default&#8221; delay=&#8221;250&#8243;][\/vc_column][\/vc_row][vc_row type=&#8221;full_width_background&#8221; full_screen_row_position=&#8221;middle&#8221; column_margin=&#8221;default&#8221; bg_color=&#8221;#e2efdc&#8221; scene_position=&#8221;center&#8221; text_color=&#8221;dark&#8221; text_align=&#8221;left&#8221; top_padding=&#8221;5%&#8221; bottom_padding=&#8221;5%&#8221; class=&#8221;essential&#8221; overlay_strength=&#8221;0.3&#8243; shape_divider_position=&#8221;bottom&#8221; bg_image_animation=&#8221;none&#8221; shape_type=&#8221;&#8221;][vc_column column_padding=&#8221;no-extra-padding&#8221; column_padding_position=&#8221;all&#8221; background_color_opacity=&#8221;1&#8243; background_hover_color_opacity=&#8221;1&#8243; font_color=&#8221;#9d9d9c&#8221; column_link_target=&#8221;_self&#8221; column_shadow=&#8221;none&#8221; column_border_radius=&#8221;none&#8221; width=&#8221;1\/1&#8243; tablet_width_inherit=&#8221;default&#8221; tablet_text_alignment=&#8221;default&#8221; phone_text_alignment=&#8221;default&#8221; overlay_strength=&#8221;0.3&#8243; column_border_width=&#8221;none&#8221; column_border_style=&#8221;solid&#8221; bg_image_animation=&#8221;none&#8221;][vc_column_text]\n<h2>Yaln\u0131zca Gerekli \u0130\u00e7erikler<\/h2>\n<p>Golden Goat<sup>\u00ae<\/sup>\u202ftam ya\u011fl\u0131 ke\u00e7i s\u00fct\u00fcn\u00fcn do\u011fal m\u00fckemmelli\u011fini kullan\u0131r ve yaln\u0131zca ihtiya\u00e7 duyulan bile\u015fenleri ekler.<\/p>\n<p>Benzersiz \u00f6zellikleri sayesinde ke\u00e7i s\u00fct\u00fc, anne s\u00fct\u00fcne daha yak\u0131n bir amino asit profilinin yan\u0131 s\u0131ra n\u00fckleotidler ve poliaminler gibi biyoaktifleri do\u011fal olarak i\u00e7erir. Ke\u00e7i s\u00fct\u00fcnde do\u011fal olarak bulunan bu do\u011fal besinlerle Golden Goat<sup>\u00ae<\/sup> bebeklerin geli\u015fmek i\u00e7in ihtiya\u00e7 duyduklar\u0131 t\u00fcm gerekli besinlere sahip daha do\u011fal bir form\u00fcld\u00fcr.<br \/>\n<span class=\"small\">\u2022 Palm ya\u011f\u0131 i\u00e7ermez \u2013 Golden Goat<sup>\u00ae<\/sup>\u202fdo\u011fal bir sn-2 palmitik asit kayna\u011f\u0131 olan s\u00fct ya\u011f\u0131 i\u00e7erir.<br \/>\n\u2022 Peynir alt\u0131 suyu eklenmez \u2013 Ke\u00e7i s\u00fct\u00fcn\u00fcn do\u011fal amino asit profili, peynir alt\u0131 suyu eklenmesinin gereksiz oldu\u011fu anlam\u0131na gelir<\/span>[\/vc_column_text][divider line_type=&#8221;No Line&#8221; custom_height=&#8221;40&#8243;][vc_column_text]<strong>Referanslar:<\/strong><br \/>\n<span class=\"small\"><sup>1<\/sup> Gallier S, et al. Whole Goat Milk as a Source of Fat and Milk Fat Globule Membrane in Infant Formula. Nutrients. 2020;12(11):34-86.<br \/>\n<sup>2<\/sup> Zenker HE, et al. Lysine blockage of milk proteins in infant formula impairs overall protein digestibility and peptide release. Food Funct. 2020; 11:358-369.<br \/>\n<sup>3<\/sup> Prosser CG, et al. N\u03b5-carboxymethyllysine in nutritional milk formulas for infants. Food Chem. 2019; 274:886-890.<\/span>[\/vc_column_text][\/vc_column][\/vc_row]\n","protected":false},"excerpt":{"rendered":"<p>[vc_row type=&#8221;full_width_content&#8221; full_screen_row_position=&#8221;middle&#8221; column_margin=&#8221;default&#8221; scene_position=&#8221;center&#8221; text_color=&#8221;dark&#8221; text_align=&#8221;left&#8221; id=&#8221;bread-note&#8221; overlay_strength=&#8221;0.3&#8243; shape_divider_position=&#8221;bottom&#8221; bg_image_animation=&#8221;none&#8221; shape_type=&#8221;&#8221;][vc_column column_padding=&#8221;no-extra-padding&#8221; column_padding_position=&#8221;all&#8221; background_color_opacity=&#8221;1&#8243; background_hover_color_opacity=&#8221;1&#8243; column_link_target=&#8221;_self&#8221; column_shadow=&#8221;none&#8221; column_border_radius=&#8221;none&#8221; width=&#8221;1\/1&#8243; tablet_width_inherit=&#8221;default&#8221; tablet_text_alignment=&#8221;default&#8221; phone_text_alignment=&#8221;default&#8221; overlay_strength=&#8221;0.3&#8243; column_border_width=&#8221;none&#8221; column_border_style=&#8221;solid&#8221; bg_image_animation=&#8221;none&#8221;][divider line_type=&#8221;No Line&#8221; custom_height=&#8221;20&#8243;][vc_column_text&#8230;<\/p>\n","protected":false},"author":1,"featured_media":0,"parent":0,"menu_order":0,"comment_status":"closed","ping_status":"closed","template":"","meta":[],"yoast_head":"<!-- This site is optimized with the Yoast SEO plugin v21.1 - https:\/\/yoast.com\/wordpress\/plugins\/seo\/ -->\n<title>\u00dcretim s\u00fcrecimiz - Golden Goat HCP<\/title>\n<meta name=\"description\" content=\"Golden Goat form\u00fclleri tam ya\u011fl\u0131 s\u00fct kullan\u0131larak, glob\u00fcl membran\u0131 ve Sn-2 palmitik asit kayna\u011f\u0131 olan s\u00fct ya\u011f\u0131n\u0131 korumak i\u00e7in hafif\u00e7e i\u015flenerek \u00fcretilir.\" \/>\n<meta name=\"robots\" content=\"index, follow, max-snippet:-1, max-image-preview:large, max-video-preview:-1\" \/>\n<link rel=\"canonical\" href=\"https:\/\/www.goldengoat.com.tr\/hcp\/uretim-surecimiz\/\" \/>\n<meta property=\"og:locale\" content=\"en_US\" \/>\n<meta property=\"og:type\" content=\"article\" \/>\n<meta property=\"og:title\" content=\"\u00dcretim s\u00fcrecimiz - Golden Goat HCP\" \/>\n<meta property=\"og:description\" content=\"Golden Goat form\u00fclleri tam ya\u011fl\u0131 s\u00fct kullan\u0131larak, glob\u00fcl membran\u0131 ve Sn-2 palmitik asit kayna\u011f\u0131 olan s\u00fct ya\u011f\u0131n\u0131 korumak i\u00e7in hafif\u00e7e i\u015flenerek \u00fcretilir.\" \/>\n<meta property=\"og:url\" content=\"https:\/\/www.goldengoat.com.tr\/hcp\/uretim-surecimiz\/\" \/>\n<meta property=\"og:site_name\" content=\"Golden Goat HCP\" \/>\n<meta property=\"article:modified_time\" content=\"2023-05-04T20:24:15+00:00\" \/>\n<meta name=\"twitter:card\" content=\"summary_large_image\" \/>\n<meta name=\"twitter:label1\" content=\"Est. reading time\" \/>\n\t<meta name=\"twitter:data1\" content=\"3 minutes\" \/>\n<script type=\"application\/ld+json\" class=\"yoast-schema-graph\">{\"@context\":\"https:\/\/schema.org\",\"@graph\":[{\"@type\":\"WebPage\",\"@id\":\"https:\/\/www.goldengoat.com.tr\/hcp\/uretim-surecimiz\/\",\"url\":\"https:\/\/www.goldengoat.com.tr\/hcp\/uretim-surecimiz\/\",\"name\":\"\u00dcretim s\u00fcrecimiz - Golden Goat HCP\",\"isPartOf\":{\"@id\":\"https:\/\/www.goldengoat.com.tr\/hcp\/#website\"},\"datePublished\":\"2019-12-20T21:20:54+00:00\",\"dateModified\":\"2023-05-04T20:24:15+00:00\",\"description\":\"Golden Goat form\u00fclleri tam ya\u011fl\u0131 s\u00fct kullan\u0131larak, glob\u00fcl membran\u0131 ve Sn-2 palmitik asit kayna\u011f\u0131 olan s\u00fct ya\u011f\u0131n\u0131 korumak i\u00e7in hafif\u00e7e i\u015flenerek \u00fcretilir.\",\"breadcrumb\":{\"@id\":\"https:\/\/www.goldengoat.com.tr\/hcp\/uretim-surecimiz\/#breadcrumb\"},\"inLanguage\":\"en-NZ\",\"potentialAction\":[{\"@type\":\"ReadAction\",\"target\":[\"https:\/\/www.goldengoat.com.tr\/hcp\/uretim-surecimiz\/\"]}]},{\"@type\":\"BreadcrumbList\",\"@id\":\"https:\/\/www.goldengoat.com.tr\/hcp\/uretim-surecimiz\/#breadcrumb\",\"itemListElement\":[{\"@type\":\"ListItem\",\"position\":1,\"name\":\"Home\",\"item\":\"https:\/\/www.goldengoat.com.tr\/hcp\/\"},{\"@type\":\"ListItem\",\"position\":2,\"name\":\"\u00dcretim s\u00fcrecimiz\"}]},{\"@type\":\"WebSite\",\"@id\":\"https:\/\/www.goldengoat.com.tr\/hcp\/#website\",\"url\":\"https:\/\/www.goldengoat.com.tr\/hcp\/\",\"name\":\"Golden Goat HCP\",\"description\":\"\",\"potentialAction\":[{\"@type\":\"SearchAction\",\"target\":{\"@type\":\"EntryPoint\",\"urlTemplate\":\"https:\/\/www.goldengoat.com.tr\/hcp\/?s={search_term_string}\"},\"query-input\":\"required name=search_term_string\"}],\"inLanguage\":\"en-NZ\"}]}<\/script>\n<!-- \/ Yoast SEO plugin. -->","yoast_head_json":{"title":"\u00dcretim s\u00fcrecimiz - Golden Goat HCP","description":"Golden Goat form\u00fclleri tam ya\u011fl\u0131 s\u00fct kullan\u0131larak, glob\u00fcl membran\u0131 ve Sn-2 palmitik asit kayna\u011f\u0131 olan s\u00fct ya\u011f\u0131n\u0131 korumak i\u00e7in hafif\u00e7e i\u015flenerek \u00fcretilir.","robots":{"index":"index","follow":"follow","max-snippet":"max-snippet:-1","max-image-preview":"max-image-preview:large","max-video-preview":"max-video-preview:-1"},"canonical":"https:\/\/www.goldengoat.com.tr\/hcp\/uretim-surecimiz\/","og_locale":"en_US","og_type":"article","og_title":"\u00dcretim s\u00fcrecimiz - Golden Goat HCP","og_description":"Golden Goat form\u00fclleri tam ya\u011fl\u0131 s\u00fct kullan\u0131larak, glob\u00fcl membran\u0131 ve Sn-2 palmitik asit kayna\u011f\u0131 olan s\u00fct ya\u011f\u0131n\u0131 korumak i\u00e7in hafif\u00e7e i\u015flenerek \u00fcretilir.","og_url":"https:\/\/www.goldengoat.com.tr\/hcp\/uretim-surecimiz\/","og_site_name":"Golden Goat HCP","article_modified_time":"2023-05-04T20:24:15+00:00","twitter_card":"summary_large_image","twitter_misc":{"Est. reading time":"3 minutes"},"schema":{"@context":"https:\/\/schema.org","@graph":[{"@type":"WebPage","@id":"https:\/\/www.goldengoat.com.tr\/hcp\/uretim-surecimiz\/","url":"https:\/\/www.goldengoat.com.tr\/hcp\/uretim-surecimiz\/","name":"\u00dcretim s\u00fcrecimiz - Golden Goat HCP","isPartOf":{"@id":"https:\/\/www.goldengoat.com.tr\/hcp\/#website"},"datePublished":"2019-12-20T21:20:54+00:00","dateModified":"2023-05-04T20:24:15+00:00","description":"Golden Goat form\u00fclleri tam ya\u011fl\u0131 s\u00fct kullan\u0131larak, glob\u00fcl membran\u0131 ve Sn-2 palmitik asit kayna\u011f\u0131 olan s\u00fct ya\u011f\u0131n\u0131 korumak i\u00e7in hafif\u00e7e i\u015flenerek \u00fcretilir.","breadcrumb":{"@id":"https:\/\/www.goldengoat.com.tr\/hcp\/uretim-surecimiz\/#breadcrumb"},"inLanguage":"en-NZ","potentialAction":[{"@type":"ReadAction","target":["https:\/\/www.goldengoat.com.tr\/hcp\/uretim-surecimiz\/"]}]},{"@type":"BreadcrumbList","@id":"https:\/\/www.goldengoat.com.tr\/hcp\/uretim-surecimiz\/#breadcrumb","itemListElement":[{"@type":"ListItem","position":1,"name":"Home","item":"https:\/\/www.goldengoat.com.tr\/hcp\/"},{"@type":"ListItem","position":2,"name":"\u00dcretim s\u00fcrecimiz"}]},{"@type":"WebSite","@id":"https:\/\/www.goldengoat.com.tr\/hcp\/#website","url":"https:\/\/www.goldengoat.com.tr\/hcp\/","name":"Golden Goat HCP","description":"","potentialAction":[{"@type":"SearchAction","target":{"@type":"EntryPoint","urlTemplate":"https:\/\/www.goldengoat.com.tr\/hcp\/?s={search_term_string}"},"query-input":"required name=search_term_string"}],"inLanguage":"en-NZ"}]}},"_links":{"self":[{"href":"https:\/\/www.goldengoat.com.tr\/hcp\/wp-json\/wp\/v2\/pages\/12"}],"collection":[{"href":"https:\/\/www.goldengoat.com.tr\/hcp\/wp-json\/wp\/v2\/pages"}],"about":[{"href":"https:\/\/www.goldengoat.com.tr\/hcp\/wp-json\/wp\/v2\/types\/page"}],"author":[{"embeddable":true,"href":"https:\/\/www.goldengoat.com.tr\/hcp\/wp-json\/wp\/v2\/users\/1"}],"replies":[{"embeddable":true,"href":"https:\/\/www.goldengoat.com.tr\/hcp\/wp-json\/wp\/v2\/comments?post=12"}],"version-history":[{"count":61,"href":"https:\/\/www.goldengoat.com.tr\/hcp\/wp-json\/wp\/v2\/pages\/12\/revisions"}],"predecessor-version":[{"id":924,"href":"https:\/\/www.goldengoat.com.tr\/hcp\/wp-json\/wp\/v2\/pages\/12\/revisions\/924"}],"wp:attachment":[{"href":"https:\/\/www.goldengoat.com.tr\/hcp\/wp-json\/wp\/v2\/media?parent=12"}],"curies":[{"name":"wp","href":"https:\/\/api.w.org\/{rel}","templated":true}]}}