{"id":14,"date":"2019-12-20T21:21:53","date_gmt":"2019-12-20T21:21:53","guid":{"rendered":"https:\/\/www.capricare.eu\/goldengoat-hcp\/?page_id=14"},"modified":"2020-12-19T00:43:19","modified_gmt":"2020-12-19T00:43:19","slug":"urunlerimiz","status":"publish","type":"page","link":"https:\/\/www.goldengoat.com.tr\/hcp\/urunlerimiz\/","title":{"rendered":"\u00dcr\u00fcnlerimiz"},"content":{"rendered":"<!-- Added by Post\/Page Specific Custom Code plugin, thank you for using! -->\n<style>#product-1-hcp .nectar-button {width: 100%;text-align: center;margin-top:20px}\r\n#product-2-hcp .nectar-button {width: 100%;text-align: center;margin-top:20px}\r\n#product-3-hcp .nectar-button {width: 100%;text-align: center;margin-top:20px}<\/style>\n[vc_row type=&#8221;full_width_content&#8221; full_screen_row_position=&#8221;middle&#8221; column_margin=&#8221;default&#8221; scene_position=&#8221;center&#8221; text_color=&#8221;dark&#8221; text_align=&#8221;left&#8221; id=&#8221;bread-note&#8221; overlay_strength=&#8221;0.3&#8243; shape_divider_position=&#8221;bottom&#8221; bg_image_animation=&#8221;none&#8221; shape_type=&#8221;&#8221;][vc_column column_padding=&#8221;no-extra-padding&#8221; column_padding_position=&#8221;all&#8221; background_color_opacity=&#8221;1&#8243; background_hover_color_opacity=&#8221;1&#8243; column_link_target=&#8221;_self&#8221; column_shadow=&#8221;none&#8221; column_border_radius=&#8221;none&#8221; width=&#8221;1\/1&#8243; tablet_width_inherit=&#8221;default&#8221; tablet_text_alignment=&#8221;default&#8221; phone_text_alignment=&#8221;default&#8221; overlay_strength=&#8221;0.3&#8243; column_border_width=&#8221;none&#8221; column_border_style=&#8221;solid&#8221; bg_image_animation=&#8221;none&#8221;][divider line_type=&#8221;No Line&#8221; custom_height=&#8221;20&#8243;][vc_column_text el_class=&#8221;note&#8221;]\u00dcr\u00fcnlerimiz[\/vc_column_text][\/vc_column][\/vc_row][vc_row type=&#8221;full_width_background&#8221; full_screen_row_position=&#8221;middle&#8221; column_margin=&#8221;default&#8221; scene_position=&#8221;center&#8221; text_color=&#8221;dark&#8221; text_align=&#8221;left&#8221; id=&#8221;our-products&#8221; overlay_strength=&#8221;0.3&#8243; shape_divider_position=&#8221;bottom&#8221; bg_image_animation=&#8221;none&#8221; shape_type=&#8221;&#8221;][vc_column column_padding=&#8221;no-extra-padding&#8221; column_padding_position=&#8221;all&#8221; background_color_opacity=&#8221;1&#8243; background_hover_color_opacity=&#8221;1&#8243; column_link_target=&#8221;_self&#8221; column_shadow=&#8221;none&#8221; column_border_radius=&#8221;none&#8221; width=&#8221;1\/1&#8243; tablet_width_inherit=&#8221;default&#8221; tablet_text_alignment=&#8221;default&#8221; phone_text_alignment=&#8221;default&#8221; overlay_strength=&#8221;0.3&#8243; column_border_width=&#8221;none&#8221; column_border_style=&#8221;solid&#8221; bg_image_animation=&#8221;none&#8221;][vc_row_inner content_placement=&#8221;top&#8221; column_margin=&#8221;default&#8221; text_align=&#8221;left&#8221; el_id=&#8221;our-products-in2&#8243;][vc_column_inner column_padding=&#8221;no-extra-padding&#8221; column_padding_position=&#8221;all&#8221; background_color_opacity=&#8221;1&#8243; background_hover_color_opacity=&#8221;1&#8243; column_shadow=&#8221;none&#8221; column_border_radius=&#8221;none&#8221; column_link_target=&#8221;_self&#8221; width=&#8221;1\/2&#8243; tablet_width_inherit=&#8221;default&#8221; overlay_strength=&#8221;0.3&#8243; column_border_width=&#8221;none&#8221; column_border_style=&#8221;solid&#8221; bg_image_animation=&#8221;none&#8221;][vc_column_text]\n<h1>\u00dcr\u00fcnlerimizi<br \/>\nke\u015ffedin<\/h1>\n[\/vc_column_text][\/vc_column_inner][vc_column_inner column_padding=&#8221;no-extra-padding&#8221; column_padding_position=&#8221;all&#8221; background_color_opacity=&#8221;1&#8243; background_hover_color_opacity=&#8221;1&#8243; column_shadow=&#8221;none&#8221; column_border_radius=&#8221;none&#8221; column_link_target=&#8221;_self&#8221; width=&#8221;1\/2&#8243; tablet_width_inherit=&#8221;default&#8221; overlay_strength=&#8221;0.3&#8243; column_border_width=&#8221;none&#8221; column_border_style=&#8221;solid&#8221; bg_image_animation=&#8221;none&#8221;][\/vc_column_inner][\/vc_row_inner][\/vc_column][\/vc_row][vc_row type=&#8221;full_width_background&#8221; full_screen_row_position=&#8221;middle&#8221; column_margin=&#8221;default&#8221; scene_position=&#8221;center&#8221; text_color=&#8221;dark&#8221; text_align=&#8221;left&#8221; class=&#8221;our-product-header&#8221; overlay_strength=&#8221;0.3&#8243; shape_divider_position=&#8221;bottom&#8221; bg_image_animation=&#8221;none&#8221; shape_type=&#8221;&#8221;][vc_column column_padding=&#8221;no-extra-padding&#8221; column_padding_position=&#8221;all&#8221; background_color_opacity=&#8221;1&#8243; background_hover_color_opacity=&#8221;1&#8243; column_link_target=&#8221;_self&#8221; column_shadow=&#8221;none&#8221; column_border_radius=&#8221;none&#8221; width=&#8221;1\/2&#8243; tablet_width_inherit=&#8221;default&#8221; tablet_text_alignment=&#8221;default&#8221; phone_text_alignment=&#8221;default&#8221; overlay_strength=&#8221;0.3&#8243; column_border_width=&#8221;none&#8221; column_border_style=&#8221;solid&#8221; bg_image_animation=&#8221;none&#8221;][\/vc_column][vc_column column_padding=&#8221;no-extra-padding&#8221; column_padding_position=&#8221;all&#8221; background_color_opacity=&#8221;1&#8243; background_hover_color_opacity=&#8221;1&#8243; column_link_target=&#8221;_self&#8221; column_shadow=&#8221;none&#8221; column_border_radius=&#8221;none&#8221; width=&#8221;1\/2&#8243; tablet_width_inherit=&#8221;default&#8221; tablet_text_alignment=&#8221;default&#8221; phone_text_alignment=&#8221;default&#8221; overlay_strength=&#8221;0.3&#8243; column_border_width=&#8221;none&#8221; column_border_style=&#8221;solid&#8221; bg_image_animation=&#8221;none&#8221;][image_with_animation image_url=&#8221;401&#8243; alignment=&#8221;&#8221; animation=&#8221;Fade In From Right&#8221; hover_animation=&#8221;none&#8221; border_radius=&#8221;none&#8221; box_shadow=&#8221;none&#8221; image_loading=&#8221;default&#8221; max_width=&#8221;100%&#8221; max_width_mobile=&#8221;default&#8221; el_class=&#8221;hcp-products-baby&#8221;][\/vc_column][\/vc_row][vc_row type=&#8221;in_container&#8221; full_screen_row_position=&#8221;middle&#8221; column_margin=&#8221;default&#8221; scene_position=&#8221;center&#8221; text_color=&#8221;dark&#8221; text_align=&#8221;left&#8221; id=&#8221;product-1-hcp&#8221; overlay_strength=&#8221;0.3&#8243; shape_divider_position=&#8221;bottom&#8221; bg_image_animation=&#8221;none&#8221; shape_type=&#8221;&#8221;][vc_column column_padding=&#8221;no-extra-padding&#8221; column_padding_position=&#8221;all&#8221; background_color_opacity=&#8221;1&#8243; background_hover_color_opacity=&#8221;1&#8243; column_link_target=&#8221;_self&#8221; column_shadow=&#8221;none&#8221; column_border_radius=&#8221;none&#8221; width=&#8221;1\/2&#8243; tablet_width_inherit=&#8221;default&#8221; tablet_text_alignment=&#8221;default&#8221; phone_text_alignment=&#8221;default&#8221; overlay_strength=&#8221;0.3&#8243; column_border_width=&#8221;none&#8221; column_border_style=&#8221;solid&#8221; bg_image_animation=&#8221;none&#8221;][image_with_animation image_url=&#8221;833&#8243; alignment=&#8221;right&#8221; animation=&#8221;Fade In From Left&#8221; hover_animation=&#8221;none&#8221; border_radius=&#8221;none&#8221; box_shadow=&#8221;none&#8221; image_loading=&#8221;default&#8221; max_width=&#8221;100%&#8221; max_width_mobile=&#8221;default&#8221; delay=&#8221;200&#8243; el_class=&#8221;stage-one-hcp&#8221; img_link=&#8221;\/hcp\/stage-1-formulation-infant-milk&#8221;][\/vc_column][vc_column column_padding=&#8221;no-extra-padding&#8221; column_padding_position=&#8221;all&#8221; background_color_opacity=&#8221;1&#8243; background_hover_color_opacity=&#8221;1&#8243; column_link_target=&#8221;_self&#8221; column_shadow=&#8221;none&#8221; column_border_radius=&#8221;none&#8221; el_class=&#8221;product-one&#8221; width=&#8221;1\/2&#8243; tablet_width_inherit=&#8221;default&#8221; tablet_text_alignment=&#8221;default&#8221; phone_text_alignment=&#8221;default&#8221; overlay_strength=&#8221;0.3&#8243; column_border_width=&#8221;none&#8221; column_border_style=&#8221;solid&#8221; bg_image_animation=&#8221;none&#8221;][vc_column_text el_class=&#8221;product-1-hcp&#8221;]<span class=\"products-num\">1<\/span><br \/>\n<span class=\"product-text\"><strong>Bebek s\u00fct\u00fc<\/strong><\/span><br \/>\n<span class=\"product-text\" style=\"margin-bottom: 10px;\">0-6 ay<\/span><br \/>\nGolden Goat<sup>\u00ae<\/sup>\u202fbebek s\u00fct\u00fc ke\u00e7i s\u00fct\u00fcnden \u00fcretilir. Anne s\u00fct\u00fc olmad\u0131\u011f\u0131 ya da az oldu\u011fu durumlarda bebek beslenmesi i\u00e7in gerekli vitamin ve minerallerce desteklenerek form\u00fcle edilmi\u015ftir.<\/p>\n<a class=\"nectar-button n-sc-button small accent-color regular-button\"  href=\"\/hcp\/stage-1-formulation-infant-milk\" data-color-override=\"false\" data-hover-color-override=\"false\" data-hover-text-color-override=\"#fff\"><span>DAHA FAZLA B\u0130LG\u0130 ED\u0130N\u0130N<\/span><\/a>[\/vc_column_text][vc_column_text css_animation=&#8221;fadeIn&#8221; el_class=&#8221;hcp-product-line&#8221;]<img decoding=\"async\" loading=\"lazy\" role=\"img\" src=\"\/wp-content\/uploads\/sites\/12\/2020\/01\/about-line-mob1.svg\" alt=\"\" width=\"10\" height=\"100\" \/>[\/vc_column_text][\/vc_column][\/vc_row][vc_row type=&#8221;in_container&#8221; full_screen_row_position=&#8221;middle&#8221; column_margin=&#8221;default&#8221; scene_position=&#8221;center&#8221; text_color=&#8221;dark&#8221; text_align=&#8221;left&#8221; id=&#8221;product-2-hcp&#8221; overlay_strength=&#8221;0.3&#8243; shape_divider_position=&#8221;bottom&#8221; bg_image_animation=&#8221;none&#8221; shape_type=&#8221;&#8221;][vc_column column_padding=&#8221;no-extra-padding&#8221; column_padding_position=&#8221;all&#8221; background_color_opacity=&#8221;1&#8243; background_hover_color_opacity=&#8221;1&#8243; column_link_target=&#8221;_self&#8221; column_shadow=&#8221;none&#8221; column_border_radius=&#8221;none&#8221; width=&#8221;1\/2&#8243; tablet_width_inherit=&#8221;default&#8221; tablet_text_alignment=&#8221;default&#8221; phone_text_alignment=&#8221;default&#8221; overlay_strength=&#8221;0.3&#8243; column_border_width=&#8221;none&#8221; column_border_style=&#8221;solid&#8221; bg_image_animation=&#8221;none&#8221;][image_with_animation image_url=&#8221;834&#8243; alignment=&#8221;right&#8221; animation=&#8221;Fade In From Left&#8221; hover_animation=&#8221;none&#8221; border_radius=&#8221;none&#8221; box_shadow=&#8221;none&#8221; image_loading=&#8221;default&#8221; max_width=&#8221;100%&#8221; max_width_mobile=&#8221;default&#8221; delay=&#8221;200&#8243; el_class=&#8221;stage-two-hcp&#8221; img_link=&#8221;\/hcp\/stage-2-formulation-follow-on-milk&#8221;][\/vc_column][vc_column column_padding=&#8221;no-extra-padding&#8221; column_padding_position=&#8221;all&#8221; background_color_opacity=&#8221;1&#8243; background_hover_color_opacity=&#8221;1&#8243; column_link_target=&#8221;_self&#8221; column_shadow=&#8221;none&#8221; column_border_radius=&#8221;none&#8221; el_class=&#8221;product-one&#8221; width=&#8221;1\/2&#8243; tablet_width_inherit=&#8221;default&#8221; tablet_text_alignment=&#8221;default&#8221; phone_text_alignment=&#8221;default&#8221; overlay_strength=&#8221;0.3&#8243; column_border_width=&#8221;none&#8221; column_border_style=&#8221;solid&#8221; bg_image_animation=&#8221;none&#8221;][vc_column_text el_class=&#8221;product-2-hcp&#8221;]<span class=\"products-num\">2<\/span><br \/>\n<span class=\"product-text\"><strong>Devam s\u00fct\u00fc<\/strong><\/span><br \/>\n<span class=\"product-text\" style=\"margin-bottom: 10px;\">6-12 months<\/span><br \/>\nGolden Goat<sup>\u00ae<\/sup>\u202fdevam s\u00fct\u00fc, ke\u00e7i s\u00fct\u00fcn\u00fcn do\u011fal m\u00fckemmelli\u011finden \u00fcretilir. 6 aydan b\u00fcy\u00fck bebeklerde s\u00fctten kesmeyi desteklemek i\u00e7in gerekli vitaminler ve minerallerle desteklenir.<\/p>\n<a class=\"nectar-button n-sc-button small accent-color regular-button\"  href=\"\/hcp\/stage-2-formulation-follow-on-milk\" data-color-override=\"false\" data-hover-color-override=\"false\" data-hover-text-color-override=\"#fff\"><span>DAHA FAZLA B\u0130LG\u0130 ED\u0130N\u0130N<\/span><\/a>[\/vc_column_text][\/vc_column][\/vc_row][vc_row type=&#8221;in_container&#8221; full_screen_row_position=&#8221;middle&#8221; column_margin=&#8221;default&#8221; scene_position=&#8221;center&#8221; text_color=&#8221;dark&#8221; text_align=&#8221;left&#8221; id=&#8221;product-3-hcp&#8221; disable_element=&#8221;yes&#8221; overlay_strength=&#8221;0.3&#8243; shape_divider_position=&#8221;bottom&#8221; bg_image_animation=&#8221;none&#8221; shape_type=&#8221;&#8221;][vc_column column_padding=&#8221;no-extra-padding&#8221; column_padding_position=&#8221;all&#8221; background_color_opacity=&#8221;1&#8243; background_hover_color_opacity=&#8221;1&#8243; column_link_target=&#8221;_self&#8221; column_shadow=&#8221;none&#8221; column_border_radius=&#8221;none&#8221; width=&#8221;1\/2&#8243; tablet_width_inherit=&#8221;default&#8221; tablet_text_alignment=&#8221;default&#8221; phone_text_alignment=&#8221;default&#8221; overlay_strength=&#8221;0.3&#8243; column_border_width=&#8221;none&#8221; column_border_style=&#8221;solid&#8221; bg_image_animation=&#8221;none&#8221;][image_with_animation image_url=&#8221;325&#8243; alignment=&#8221;right&#8221; animation=&#8221;Fade In From Left&#8221; hover_animation=&#8221;none&#8221; border_radius=&#8221;none&#8221; box_shadow=&#8221;none&#8221; image_loading=&#8221;default&#8221; max_width=&#8221;100%&#8221; max_width_mobile=&#8221;default&#8221; delay=&#8221;200&#8243; el_class=&#8221;stage-three-hcp&#8221; img_link=&#8221;\/hcp\/stage-3-formulation-growing-up-milk&#8221;][\/vc_column][vc_column column_padding=&#8221;no-extra-padding&#8221; column_padding_position=&#8221;all&#8221; background_color_opacity=&#8221;1&#8243; background_hover_color_opacity=&#8221;1&#8243; column_link_target=&#8221;_self&#8221; column_shadow=&#8221;none&#8221; column_border_radius=&#8221;none&#8221; el_class=&#8221;product-one&#8221; width=&#8221;1\/2&#8243; tablet_width_inherit=&#8221;default&#8221; tablet_text_alignment=&#8221;default&#8221; phone_text_alignment=&#8221;default&#8221; overlay_strength=&#8221;0.3&#8243; column_border_width=&#8221;none&#8221; column_border_style=&#8221;solid&#8221; bg_image_animation=&#8221;none&#8221;][vc_column_text css_animation=&#8221;fadeIn&#8221; el_class=&#8221;hcp-product-line&#8221;]<img decoding=\"async\" loading=\"lazy\" role=\"img\" src=\"\/wp-content\/uploads\/sites\/12\/2020\/01\/about-line-mob1.svg\" alt=\"\" width=\"10\" height=\"100\" \/>[\/vc_column_text][vc_column_text el_class=&#8221;product-3-hcp&#8221; el_id=&#8221;product-3&#8243;]<span class=\"products-num\">3<\/span><br \/>\n<span class=\"product-text\"><strong>Growing-up milk<\/strong><\/span><br \/>\n<span class=\"product-text\" style=\"margin-bottom: 10px;\">12- months<\/span><br \/>\nCapricare<sup>\u00ae<\/sup> Growing-up Milk is made is made from the natural goodness of goat milk, it is fortified to provide vitamins, minerals and nutrients to supplement the varied and balanced diet of children over 12 months.<\/p>\n<a class=\"nectar-button n-sc-button small accent-color regular-button\"  href=\"\/hcp\/stage-3-formulation-growing-up-milk\" data-color-override=\"false\" data-hover-color-override=\"false\" data-hover-text-color-override=\"#fff\"><span>Stage 3 Formulation<\/span><\/a>\n<a class=\"nectar-button n-sc-button small accent-color regular-button\"  href=\"\/hcp\/new-formulation-stage-3-growing-up-milk\/\" data-color-override=\"false\" data-hover-color-override=\"false\" data-hover-text-color-override=\"#fff\"><span>New Stage 3 Formulation<\/span><\/a>[\/vc_column_text][\/vc_column][\/vc_row][vc_row type=&#8221;in_container&#8221; full_screen_row_position=&#8221;middle&#8221; column_margin=&#8221;default&#8221; scene_position=&#8221;center&#8221; text_color=&#8221;dark&#8221; text_align=&#8221;left&#8221; overlay_strength=&#8221;0.3&#8243; shape_divider_position=&#8221;bottom&#8221; bg_image_animation=&#8221;none&#8221;][vc_column column_padding=&#8221;no-extra-padding&#8221; column_padding_position=&#8221;all&#8221; background_color_opacity=&#8221;1&#8243; background_hover_color_opacity=&#8221;1&#8243; column_link_target=&#8221;_self&#8221; column_shadow=&#8221;none&#8221; column_border_radius=&#8221;none&#8221; width=&#8221;1\/1&#8243; tablet_width_inherit=&#8221;default&#8221; tablet_text_alignment=&#8221;default&#8221; phone_text_alignment=&#8221;default&#8221; overlay_strength=&#8221;0.3&#8243; column_border_width=&#8221;none&#8221; column_border_style=&#8221;solid&#8221; bg_image_animation=&#8221;none&#8221;][divider line_type=&#8221;No Line&#8221; custom_height=&#8221;40&#8243;][\/vc_column][\/vc_row][vc_row type=&#8221;full_width_background&#8221; full_screen_row_position=&#8221;middle&#8221; column_margin=&#8221;default&#8221; scene_position=&#8221;center&#8221; text_color=&#8221;dark&#8221; text_align=&#8221;left&#8221; class=&#8221;how-made&#8221; overlay_strength=&#8221;0.3&#8243; shape_divider_position=&#8221;bottom&#8221; bg_image_animation=&#8221;none&#8221; shape_type=&#8221;&#8221;][vc_column column_padding=&#8221;no-extra-padding&#8221; column_padding_position=&#8221;all&#8221; background_color_opacity=&#8221;1&#8243; background_hover_color_opacity=&#8221;1&#8243; font_color=&#8221;#887c66&#8243; column_link_target=&#8221;_self&#8221; column_shadow=&#8221;none&#8221; column_border_radius=&#8221;none&#8221; width=&#8221;1\/1&#8243; tablet_width_inherit=&#8221;default&#8221; tablet_text_alignment=&#8221;default&#8221; phone_text_alignment=&#8221;default&#8221; overlay_strength=&#8221;0.3&#8243; column_border_width=&#8221;none&#8221; column_border_style=&#8221;solid&#8221; bg_image_animation=&#8221;none&#8221;][vc_column_text el_class=&#8221;how-made-text&#8221;]\n<h2>Nas\u0131l \u00fcretilir?<\/h2>\n<p>Bilimsel y\u00f6ntemlerimiz ve uygulad\u0131\u011f\u0131m\u0131z i\u015flemler hakk\u0131nda daha fazla bilgi almak i\u00e7in \u00fcretim s\u00fcrecimiz sayfam\u0131z\u0131 okuyun.[\/vc_column_text][nectar_btn size=&#8221;medium&#8221; button_style=&#8221;regular&#8221; button_color_2=&#8221;Accent-Color&#8221; icon_family=&#8221;none&#8221; el_class=&#8221;why-learn&#8221; url=&#8221;\/goldengoat-hcp\/uretim-surecimiz&#8221; text=&#8221;DAHA FAZLA B\u0130LG\u0130 ED\u0130N\u0130N&#8221; margin_top=&#8221;20&#8243;][\/vc_column][\/vc_row]\n","protected":false},"excerpt":{"rendered":"<p>[vc_row type=&#8221;full_width_content&#8221; full_screen_row_position=&#8221;middle&#8221; column_margin=&#8221;default&#8221; scene_position=&#8221;center&#8221; text_color=&#8221;dark&#8221; text_align=&#8221;left&#8221; id=&#8221;bread-note&#8221; overlay_strength=&#8221;0.3&#8243; shape_divider_position=&#8221;bottom&#8221; bg_image_animation=&#8221;none&#8221; shape_type=&#8221;&#8221;][vc_column column_padding=&#8221;no-extra-padding&#8221; column_padding_position=&#8221;all&#8221; background_color_opacity=&#8221;1&#8243; background_hover_color_opacity=&#8221;1&#8243; column_link_target=&#8221;_self&#8221; column_shadow=&#8221;none&#8221; column_border_radius=&#8221;none&#8221; width=&#8221;1\/1&#8243; tablet_width_inherit=&#8221;default&#8221; tablet_text_alignment=&#8221;default&#8221; phone_text_alignment=&#8221;default&#8221; overlay_strength=&#8221;0.3&#8243; column_border_width=&#8221;none&#8221; column_border_style=&#8221;solid&#8221; bg_image_animation=&#8221;none&#8221;][divider line_type=&#8221;No Line&#8221; custom_height=&#8221;20&#8243;][vc_column_text&#8230;<\/p>\n","protected":false},"author":1,"featured_media":0,"parent":0,"menu_order":0,"comment_status":"closed","ping_status":"closed","template":"","meta":[],"yoast_head":"<!-- This site is optimized with the Yoast SEO plugin v21.1 - https:\/\/yoast.com\/wordpress\/plugins\/seo\/ -->\n<title>\u00dcr\u00fcnlerimiz - Golden Goat HCP<\/title>\n<meta name=\"description\" content=\"Golden Goat \u00fcr\u00fcnlerini ke\u015ffedin. 20 y\u0131ll\u0131k bilimsel birikimle desteklenen Golden Goat ke\u00e7i s\u00fct\u00fc form\u00fclleri inek s\u00fct\u00fc form\u00fcl\u00fcne ger\u00e7ek bir alternatif sunmaktad\u0131r.\" \/>\n<meta name=\"robots\" content=\"index, follow, max-snippet:-1, max-image-preview:large, max-video-preview:-1\" \/>\n<link rel=\"canonical\" href=\"https:\/\/www.goldengoat.com.tr\/hcp\/urunlerimiz\/\" \/>\n<meta property=\"og:locale\" content=\"en_US\" \/>\n<meta property=\"og:type\" content=\"article\" \/>\n<meta property=\"og:title\" content=\"\u00dcr\u00fcnlerimiz - Golden Goat HCP\" \/>\n<meta property=\"og:description\" content=\"Golden Goat \u00fcr\u00fcnlerini ke\u015ffedin. 20 y\u0131ll\u0131k bilimsel birikimle desteklenen Golden Goat ke\u00e7i s\u00fct\u00fc form\u00fclleri inek s\u00fct\u00fc form\u00fcl\u00fcne ger\u00e7ek bir alternatif sunmaktad\u0131r.\" \/>\n<meta property=\"og:url\" content=\"https:\/\/www.goldengoat.com.tr\/hcp\/urunlerimiz\/\" \/>\n<meta property=\"og:site_name\" content=\"Golden Goat HCP\" \/>\n<meta property=\"article:modified_time\" content=\"2020-12-19T00:43:19+00:00\" \/>\n<meta name=\"twitter:card\" content=\"summary_large_image\" \/>\n<meta name=\"twitter:label1\" content=\"Est. reading time\" \/>\n\t<meta name=\"twitter:data1\" content=\"8 minutes\" \/>\n<script type=\"application\/ld+json\" class=\"yoast-schema-graph\">{\"@context\":\"https:\/\/schema.org\",\"@graph\":[{\"@type\":\"WebPage\",\"@id\":\"https:\/\/www.goldengoat.com.tr\/hcp\/urunlerimiz\/\",\"url\":\"https:\/\/www.goldengoat.com.tr\/hcp\/urunlerimiz\/\",\"name\":\"\u00dcr\u00fcnlerimiz - Golden Goat HCP\",\"isPartOf\":{\"@id\":\"https:\/\/www.goldengoat.com.tr\/hcp\/#website\"},\"datePublished\":\"2019-12-20T21:21:53+00:00\",\"dateModified\":\"2020-12-19T00:43:19+00:00\",\"description\":\"Golden Goat \u00fcr\u00fcnlerini ke\u015ffedin. 20 y\u0131ll\u0131k bilimsel birikimle desteklenen Golden Goat ke\u00e7i s\u00fct\u00fc form\u00fclleri inek s\u00fct\u00fc form\u00fcl\u00fcne ger\u00e7ek bir alternatif sunmaktad\u0131r.\",\"breadcrumb\":{\"@id\":\"https:\/\/www.goldengoat.com.tr\/hcp\/urunlerimiz\/#breadcrumb\"},\"inLanguage\":\"en-NZ\",\"potentialAction\":[{\"@type\":\"ReadAction\",\"target\":[\"https:\/\/www.goldengoat.com.tr\/hcp\/urunlerimiz\/\"]}]},{\"@type\":\"BreadcrumbList\",\"@id\":\"https:\/\/www.goldengoat.com.tr\/hcp\/urunlerimiz\/#breadcrumb\",\"itemListElement\":[{\"@type\":\"ListItem\",\"position\":1,\"name\":\"Home\",\"item\":\"https:\/\/www.goldengoat.com.tr\/hcp\/\"},{\"@type\":\"ListItem\",\"position\":2,\"name\":\"\u00dcr\u00fcnlerimiz\"}]},{\"@type\":\"WebSite\",\"@id\":\"https:\/\/www.goldengoat.com.tr\/hcp\/#website\",\"url\":\"https:\/\/www.goldengoat.com.tr\/hcp\/\",\"name\":\"Golden Goat HCP\",\"description\":\"\",\"potentialAction\":[{\"@type\":\"SearchAction\",\"target\":{\"@type\":\"EntryPoint\",\"urlTemplate\":\"https:\/\/www.goldengoat.com.tr\/hcp\/?s={search_term_string}\"},\"query-input\":\"required name=search_term_string\"}],\"inLanguage\":\"en-NZ\"}]}<\/script>\n<!-- \/ Yoast SEO plugin. -->","yoast_head_json":{"title":"\u00dcr\u00fcnlerimiz - Golden Goat HCP","description":"Golden Goat \u00fcr\u00fcnlerini ke\u015ffedin. 20 y\u0131ll\u0131k bilimsel birikimle desteklenen Golden Goat ke\u00e7i s\u00fct\u00fc form\u00fclleri inek s\u00fct\u00fc form\u00fcl\u00fcne ger\u00e7ek bir alternatif sunmaktad\u0131r.","robots":{"index":"index","follow":"follow","max-snippet":"max-snippet:-1","max-image-preview":"max-image-preview:large","max-video-preview":"max-video-preview:-1"},"canonical":"https:\/\/www.goldengoat.com.tr\/hcp\/urunlerimiz\/","og_locale":"en_US","og_type":"article","og_title":"\u00dcr\u00fcnlerimiz - Golden Goat HCP","og_description":"Golden Goat \u00fcr\u00fcnlerini ke\u015ffedin. 20 y\u0131ll\u0131k bilimsel birikimle desteklenen Golden Goat ke\u00e7i s\u00fct\u00fc form\u00fclleri inek s\u00fct\u00fc form\u00fcl\u00fcne ger\u00e7ek bir alternatif sunmaktad\u0131r.","og_url":"https:\/\/www.goldengoat.com.tr\/hcp\/urunlerimiz\/","og_site_name":"Golden Goat HCP","article_modified_time":"2020-12-19T00:43:19+00:00","twitter_card":"summary_large_image","twitter_misc":{"Est. reading time":"8 minutes"},"schema":{"@context":"https:\/\/schema.org","@graph":[{"@type":"WebPage","@id":"https:\/\/www.goldengoat.com.tr\/hcp\/urunlerimiz\/","url":"https:\/\/www.goldengoat.com.tr\/hcp\/urunlerimiz\/","name":"\u00dcr\u00fcnlerimiz - Golden Goat HCP","isPartOf":{"@id":"https:\/\/www.goldengoat.com.tr\/hcp\/#website"},"datePublished":"2019-12-20T21:21:53+00:00","dateModified":"2020-12-19T00:43:19+00:00","description":"Golden Goat \u00fcr\u00fcnlerini ke\u015ffedin. 20 y\u0131ll\u0131k bilimsel birikimle desteklenen Golden Goat ke\u00e7i s\u00fct\u00fc form\u00fclleri inek s\u00fct\u00fc form\u00fcl\u00fcne ger\u00e7ek bir alternatif sunmaktad\u0131r.","breadcrumb":{"@id":"https:\/\/www.goldengoat.com.tr\/hcp\/urunlerimiz\/#breadcrumb"},"inLanguage":"en-NZ","potentialAction":[{"@type":"ReadAction","target":["https:\/\/www.goldengoat.com.tr\/hcp\/urunlerimiz\/"]}]},{"@type":"BreadcrumbList","@id":"https:\/\/www.goldengoat.com.tr\/hcp\/urunlerimiz\/#breadcrumb","itemListElement":[{"@type":"ListItem","position":1,"name":"Home","item":"https:\/\/www.goldengoat.com.tr\/hcp\/"},{"@type":"ListItem","position":2,"name":"\u00dcr\u00fcnlerimiz"}]},{"@type":"WebSite","@id":"https:\/\/www.goldengoat.com.tr\/hcp\/#website","url":"https:\/\/www.goldengoat.com.tr\/hcp\/","name":"Golden Goat HCP","description":"","potentialAction":[{"@type":"SearchAction","target":{"@type":"EntryPoint","urlTemplate":"https:\/\/www.goldengoat.com.tr\/hcp\/?s={search_term_string}"},"query-input":"required name=search_term_string"}],"inLanguage":"en-NZ"}]}},"_links":{"self":[{"href":"https:\/\/www.goldengoat.com.tr\/hcp\/wp-json\/wp\/v2\/pages\/14"}],"collection":[{"href":"https:\/\/www.goldengoat.com.tr\/hcp\/wp-json\/wp\/v2\/pages"}],"about":[{"href":"https:\/\/www.goldengoat.com.tr\/hcp\/wp-json\/wp\/v2\/types\/page"}],"author":[{"embeddable":true,"href":"https:\/\/www.goldengoat.com.tr\/hcp\/wp-json\/wp\/v2\/users\/1"}],"replies":[{"embeddable":true,"href":"https:\/\/www.goldengoat.com.tr\/hcp\/wp-json\/wp\/v2\/comments?post=14"}],"version-history":[{"count":50,"href":"https:\/\/www.goldengoat.com.tr\/hcp\/wp-json\/wp\/v2\/pages\/14\/revisions"}],"predecessor-version":[{"id":904,"href":"https:\/\/www.goldengoat.com.tr\/hcp\/wp-json\/wp\/v2\/pages\/14\/revisions\/904"}],"wp:attachment":[{"href":"https:\/\/www.goldengoat.com.tr\/hcp\/wp-json\/wp\/v2\/media?parent=14"}],"curies":[{"name":"wp","href":"https:\/\/api.w.org\/{rel}","templated":true}]}}