{"id":25,"date":"2019-12-20T21:25:50","date_gmt":"2019-12-20T21:25:50","guid":{"rendered":"https:\/\/www.capricare.eu\/goldengoat-hcp\/?page_id=25"},"modified":"2020-05-22T23:13:49","modified_gmt":"2020-05-22T23:13:49","slug":"sss","status":"publish","type":"page","link":"https:\/\/www.goldengoat.com.tr\/hcp\/sss\/","title":{"rendered":"SSS"},"content":{"rendered":"[vc_row type=&#8221;full_width_content&#8221; full_screen_row_position=&#8221;middle&#8221; column_margin=&#8221;default&#8221; bg_color=&#8221;#e4f2e2&#8243; scene_position=&#8221;center&#8221; text_color=&#8221;dark&#8221; text_align=&#8221;left&#8221; id=&#8221;bread-note&#8221; overlay_strength=&#8221;0.3&#8243; shape_divider_position=&#8221;bottom&#8221; bg_image_animation=&#8221;none&#8221; shape_type=&#8221;&#8221;][vc_column column_padding=&#8221;no-extra-padding&#8221; column_padding_position=&#8221;all&#8221; background_color_opacity=&#8221;1&#8243; background_hover_color_opacity=&#8221;1&#8243; column_link_target=&#8221;_self&#8221; column_shadow=&#8221;none&#8221; column_border_radius=&#8221;none&#8221; width=&#8221;1\/1&#8243; tablet_width_inherit=&#8221;default&#8221; tablet_text_alignment=&#8221;default&#8221; phone_text_alignment=&#8221;default&#8221; overlay_strength=&#8221;0.3&#8243; column_border_width=&#8221;none&#8221; column_border_style=&#8221;solid&#8221; bg_image_animation=&#8221;none&#8221;][divider line_type=&#8221;No Line&#8221; custom_height=&#8221;20&#8243;][vc_column_text el_class=&#8221;note&#8221;]SSS[\/vc_column_text][divider line_type=&#8221;No Line&#8221; custom_height=&#8221;100&#8243;][\/vc_column][\/vc_row][vc_row type=&#8221;full_width_background&#8221; full_screen_row_position=&#8221;middle&#8221; column_margin=&#8221;default&#8221; bg_color=&#8221;#e4f2e2&#8243; scene_position=&#8221;center&#8221; text_color=&#8221;dark&#8221; text_align=&#8221;left&#8221; top_padding=&#8221;80&#8243; class=&#8221;cc-terms&#8221; overlay_strength=&#8221;0.3&#8243; shape_divider_position=&#8221;bottom&#8221; bg_image_animation=&#8221;none&#8221; shape_type=&#8221;&#8221;][vc_column column_padding=&#8221;no-extra-padding&#8221; column_padding_position=&#8221;all&#8221; background_color_opacity=&#8221;1&#8243; background_hover_color_opacity=&#8221;1&#8243; column_link_target=&#8221;_self&#8221; column_shadow=&#8221;none&#8221; column_border_radius=&#8221;none&#8221; width=&#8221;1\/2&#8243; tablet_width_inherit=&#8221;default&#8221; tablet_text_alignment=&#8221;default&#8221; phone_text_alignment=&#8221;default&#8221; overlay_strength=&#8221;0.3&#8243; column_border_width=&#8221;none&#8221; column_border_style=&#8221;solid&#8221; bg_image_animation=&#8221;none&#8221;][divider line_type=&#8221;No Line&#8221; custom_height=&#8221;40&#8243;][vc_column_text]\n<h4>Ke\u00e7i s\u00fct\u00fc form\u00fcl\u00fc ne zamand\u0131r kullan\u0131l\u0131yor?<\/h4>\n<p>Ke\u00e7i s\u00fct\u00fcnden bebek form\u00fcl\u00fc, ilk kez Yeni Zelanda ve Avustralya&#8217;da 30 y\u0131ldan uzun s\u00fcre \u00f6nce kullan\u0131ld\u0131. Golden Goat<sup>\u00ae<\/sup> ke\u00e7i s\u00fct\u00fc bebek form\u00fcl\u00fcn\u00fc \u00f6nc\u00fcs\u00fc ve mucidi Dairy Goat Co-operative taraf\u0131ndan \u00fcretilir.<\/p>\n<h4>Golden Goat<sup>\u00ae<\/sup>\u202fba\u015fka bebek form\u00fclleri ile kar\u0131\u015ft\u0131r\u0131labilir mi?<\/h4>\n<p>Form\u00fcl, her \u00f6l\u00e7ekte belirli bir miktar besin sa\u011flayacak \u015fekilde tasarlanm\u0131\u015ft\u0131r. Bebek form\u00fclleri aras\u0131nda ge\u00e7i\u015f yaparken form\u00fcllerin k\u0131sa s\u00fcreyle (3-7 g\u00fcn) kar\u0131\u015ft\u0131r\u0131lmas\u0131nda sorun yoktur. Bebek form\u00fcllerinin daha uzun s\u00fcre kar\u0131\u015ft\u0131r\u0131lmas\u0131 mamalar\u0131n a\u015f\u0131r\u0131 veya yetersiz yo\u011funlu\u011fa sahip olarak potansiyel rahats\u0131zl\u0131k veya besin dengesizli\u011fi olu\u015fturmas\u0131na neden olabilir.<\/p>\n<h4>Ba\u015fka bir bebek form\u00fcl\u00fcnden Golden Goat<sup>\u00ae<\/sup>\u2019a nas\u0131l ge\u00e7ilir?<\/h4>\n<p>En iyi y\u00f6ntem, bir bebek form\u00fcl\u00fcnden di\u011ferine 3-7 g\u00fcnl\u00fck bir d\u00f6nemde kademeli olarak ge\u00e7mektir. Biberonu haz\u0131rlarken daha \u00f6nce kulland\u0131\u011f\u0131n\u0131z eski bebek form\u00fcl\u00fcn\u00fczdeki bir \u00f6l\u00e7e\u011fi Golden Goat<sup>\u00ae<\/sup>\u202file de\u011fi\u015ftirerek ba\u015flay\u0131n. 1-2 g\u00fcn sonra Golden Goat\u00ae miktar\u0131n\u0131 iki \u00f6l\u00e7ek yap\u0131n ve ilerleyen g\u00fcnlerde kademeli olarak t\u00fcm \u00f6l\u00e7ekleri Golden Goat<sup>\u00ae<\/sup> yap\u0131n.<\/p>\n<h4>Golden Goat<sup>\u00ae<\/sup> i\u00e7eri\u011findeki demir ve folik asit seviyeleri yeterli mi?<\/h4>\n<p>\u0130nek s\u00fct\u00fc bebek form\u00fcllerinde oldu\u011fu gibi ke\u00e7i s\u00fct\u00fc bebek form\u00fcllerinde de bebe\u011finizin ihtiya\u00e7lar\u0131n\u0131 kar\u015f\u0131lamak i\u00e7in vitaminler ve minerallerle desteklenmesi gerekir. Golden Goat<sup>\u00ae<\/sup> i\u00e7erisindeki folik asit, B12, C, D, E vitaminleri ve demir gibi vitamin ve mineraller bebe\u011finiz i\u00e7in gerekli al\u0131m\u0131* kar\u015f\u0131layacak miktardad\u0131r.<br \/>\n*AB d\u00fczenlemeleri uyar\u0131nca.<\/p>\n<h4>Golden Goat<sup>\u00ae<\/sup>&#8216;un kokusu ve tad\u0131 nas\u0131l?<\/h4>\n<p>S\u00fct\u00fcm\u00fcz, sa\u011fl\u0131kl\u0131 ko\u015fullarda ve iyi beslenmi\u015f ke\u00e7ilerden sa\u011f\u0131l\u0131r. Sa\u011f\u0131m\u0131n ard\u0131ndan s\u00fct, bebek form\u00fcl\u00fc haz\u0131rlan\u0131rken hafif i\u015flemden ge\u00e7irilir. Sonu\u00e7 olarak yumu\u015fak ve ho\u015f bir tat elde edilir.[\/vc_column_text][\/vc_column][vc_column column_padding=&#8221;no-extra-padding&#8221; column_padding_position=&#8221;all&#8221; background_color_opacity=&#8221;1&#8243; background_hover_color_opacity=&#8221;1&#8243; column_link_target=&#8221;_self&#8221; column_shadow=&#8221;none&#8221; column_border_radius=&#8221;none&#8221; el_class=&#8221;faq-right&#8221; width=&#8221;1\/2&#8243; tablet_width_inherit=&#8221;default&#8221; tablet_text_alignment=&#8221;default&#8221; phone_text_alignment=&#8221;default&#8221; overlay_strength=&#8221;0.3&#8243; column_border_width=&#8221;none&#8221; column_border_style=&#8221;solid&#8221; bg_image_animation=&#8221;none&#8221;][vc_column_text]\n<h4>Golden Goat<sup>\u00ae<\/sup>&#8216;un\u202fmerkezi neresi?<\/h4>\n<p>Golden Goat<sup>\u00ae<\/sup> ke\u00e7i s\u00fct\u00fcnden bebek form\u00fcl\u00fcn\u00fcn \u00f6nc\u00fcs\u00fc ve d\u00fcnya lideri Dairy Goat Co-operative taraf\u0131ndan \u00fcretilir. Dairy Goat Co-operative&#8217;in merkezi Yeni Zelanda&#8217;dad\u0131r ve ke\u00e7i s\u00fct\u00fcn\u00fc sa\u011flayan \u00e7ift\u00e7ilere aittir. \u00c7iftlikleri, Yeni Zelanda&#8217;n\u0131n en verimli meralar\u0131nda bulunur.<\/p>\n<h4>Ke\u00e7iler nas\u0131l yeti\u015ftiriliyor?<\/h4>\n<p>Ke\u00e7iler, do\u011fal ayd\u0131nlatmaya ve temiz hava almalar\u0131na olanak tan\u0131yan a\u00e7\u0131k ah\u0131rlarda korunur. Ke\u00e7ilerin rahat\u00e7a hareket etmeleri veya yatabilmeleri i\u00e7in alan sa\u011flan\u0131r. Ke\u00e7iler, yemlerine serbest\u00e7e eri\u015febilir.<\/p>\n<h4>Yeti\u015ftiriciler antibiyotik kullan\u0131yor mu?<\/h4>\n<p>Antibiyotikler de dahil olmak \u00fczere t\u00fcm ila\u00e7lar\u0131n kullan\u0131m\u0131 Golden Goat<sup>\u00ae<\/sup>&#8216;un \u00fcretildi\u011fi Yeni Zelanda&#8217;da \u00e7ok iyi d\u00fczeyde d\u00fczenlenir. Antibiyotikler baz\u0131 istisnai vakalarda enfeksiyonlar\u0131 tedavi etmek i\u00e7in kullan\u0131l\u0131r. Bu durumda, tedavi s\u00fcresince ve takip eden birka\u00e7 g\u00fcn boyunca sa\u011f\u0131lan s\u00fct\u00fcn tamam\u0131 at\u0131l\u0131r. Antibiyotik kal\u0131nt\u0131lar\u0131 i\u00e7ermedi\u011finden emin olmak i\u00e7in s\u00fct her teslimatta d\u00fczenli olarak kontrol edilir.<\/p>\n<h4>Golden Goat<sup>\u00ae<\/sup> ke\u00e7i s\u00fct\u00fc bebek form\u00fcl\u00fcn\u00fc ba\u015fka nerede bulabilirim?<\/h4>\n<p>Golden Goat<sup>\u00ae<\/sup>, Dairy Goat Co-operative taraf\u0131ndan \u00fcretilir ve d\u00fcnya \u00e7ap\u0131nda 30 \u00fclkede mevcuttur. Golden Goat\u00ae\u202fT\u00fcrkiye d\u0131\u015f\u0131nda Karihome, Capricare, DG, Golden Goat ya da Nanny gibi farkl\u0131 adlara sahiptir.[\/vc_column_text][\/vc_column][\/vc_row][vc_row type=&#8221;full_width_background&#8221; full_screen_row_position=&#8221;middle&#8221; column_margin=&#8221;default&#8221; bg_color=&#8221;#e4f2e2&#8243; scene_position=&#8221;center&#8221; text_color=&#8221;dark&#8221; text_align=&#8221;left&#8221; overlay_strength=&#8221;0.3&#8243; shape_divider_position=&#8221;bottom&#8221; bg_image_animation=&#8221;none&#8221; shape_type=&#8221;&#8221;][vc_column column_padding=&#8221;no-extra-padding&#8221; column_padding_position=&#8221;all&#8221; background_color_opacity=&#8221;1&#8243; background_hover_color_opacity=&#8221;1&#8243; column_link_target=&#8221;_self&#8221; column_shadow=&#8221;none&#8221; column_border_radius=&#8221;none&#8221; width=&#8221;1\/1&#8243; tablet_width_inherit=&#8221;default&#8221; tablet_text_alignment=&#8221;default&#8221; phone_text_alignment=&#8221;default&#8221; overlay_strength=&#8221;0.3&#8243; column_border_width=&#8221;none&#8221; column_border_style=&#8221;solid&#8221; bg_image_animation=&#8221;none&#8221;][divider line_type=&#8221;No Line&#8221; custom_height=&#8221;80&#8243;][\/vc_column][\/vc_row]\n","protected":false},"excerpt":{"rendered":"<p>[vc_row type=&#8221;full_width_content&#8221; full_screen_row_position=&#8221;middle&#8221; column_margin=&#8221;default&#8221; bg_color=&#8221;#e4f2e2&#8243; scene_position=&#8221;center&#8221; text_color=&#8221;dark&#8221; text_align=&#8221;left&#8221; id=&#8221;bread-note&#8221; overlay_strength=&#8221;0.3&#8243; shape_divider_position=&#8221;bottom&#8221; bg_image_animation=&#8221;none&#8221; shape_type=&#8221;&#8221;][vc_column column_padding=&#8221;no-extra-padding&#8221; column_padding_position=&#8221;all&#8221; background_color_opacity=&#8221;1&#8243; background_hover_color_opacity=&#8221;1&#8243; column_link_target=&#8221;_self&#8221; column_shadow=&#8221;none&#8221; column_border_radius=&#8221;none&#8221; width=&#8221;1\/1&#8243; tablet_width_inherit=&#8221;default&#8221; tablet_text_alignment=&#8221;default&#8221; phone_text_alignment=&#8221;default&#8221; overlay_strength=&#8221;0.3&#8243; column_border_width=&#8221;none&#8221; column_border_style=&#8221;solid&#8221; bg_image_animation=&#8221;none&#8221;][divider line_type=&#8221;No Line&#8221;&#8230;<\/p>\n","protected":false},"author":1,"featured_media":0,"parent":0,"menu_order":0,"comment_status":"closed","ping_status":"closed","template":"","meta":[],"yoast_head":"<!-- This site is optimized with the Yoast SEO plugin v21.1 - https:\/\/yoast.com\/wordpress\/plugins\/seo\/ -->\n<title>SSS - Golden Goat HCP<\/title>\n<meta name=\"description\" content=\"Ke\u00e7i s\u00fct\u00fc bebek form\u00fcl\u00fc \u201cd\u00fcnyada\u201d ilk kez 30 y\u0131l \u00f6nce Yeni Zelanda\u2019da kullan\u0131lm\u0131\u015ft\u0131r. Dairy Goat Co-operative ke\u00e7i s\u00fct\u00fc bebek form\u00fcl\u00fcn\u00fcn \u00f6nc\u00fcs\u00fc ve mucididir.\" \/>\n<meta name=\"robots\" content=\"index, follow, max-snippet:-1, max-image-preview:large, max-video-preview:-1\" \/>\n<link rel=\"canonical\" href=\"https:\/\/www.goldengoat.com.tr\/hcp\/sss\/\" \/>\n<meta property=\"og:locale\" content=\"en_US\" \/>\n<meta property=\"og:type\" content=\"article\" \/>\n<meta property=\"og:title\" content=\"SSS - Golden Goat HCP\" \/>\n<meta property=\"og:description\" content=\"Ke\u00e7i s\u00fct\u00fc bebek form\u00fcl\u00fc \u201cd\u00fcnyada\u201d ilk kez 30 y\u0131l \u00f6nce Yeni Zelanda\u2019da kullan\u0131lm\u0131\u015ft\u0131r. Dairy Goat Co-operative ke\u00e7i s\u00fct\u00fc bebek form\u00fcl\u00fcn\u00fcn \u00f6nc\u00fcs\u00fc ve mucididir.\" \/>\n<meta property=\"og:url\" content=\"https:\/\/www.goldengoat.com.tr\/hcp\/sss\/\" \/>\n<meta property=\"og:site_name\" content=\"Golden Goat HCP\" \/>\n<meta property=\"article:modified_time\" content=\"2020-05-22T23:13:49+00:00\" \/>\n<meta name=\"twitter:card\" content=\"summary_large_image\" \/>\n<meta name=\"twitter:label1\" content=\"Est. reading time\" \/>\n\t<meta name=\"twitter:data1\" content=\"5 minutes\" \/>\n<script type=\"application\/ld+json\" class=\"yoast-schema-graph\">{\"@context\":\"https:\/\/schema.org\",\"@graph\":[{\"@type\":\"WebPage\",\"@id\":\"https:\/\/www.goldengoat.com.tr\/hcp\/sss\/\",\"url\":\"https:\/\/www.goldengoat.com.tr\/hcp\/sss\/\",\"name\":\"SSS - Golden Goat HCP\",\"isPartOf\":{\"@id\":\"https:\/\/www.goldengoat.com.tr\/hcp\/#website\"},\"datePublished\":\"2019-12-20T21:25:50+00:00\",\"dateModified\":\"2020-05-22T23:13:49+00:00\",\"description\":\"Ke\u00e7i s\u00fct\u00fc bebek form\u00fcl\u00fc \u201cd\u00fcnyada\u201d ilk kez 30 y\u0131l \u00f6nce Yeni Zelanda\u2019da kullan\u0131lm\u0131\u015ft\u0131r. Dairy Goat Co-operative ke\u00e7i s\u00fct\u00fc bebek form\u00fcl\u00fcn\u00fcn \u00f6nc\u00fcs\u00fc ve mucididir.\",\"breadcrumb\":{\"@id\":\"https:\/\/www.goldengoat.com.tr\/hcp\/sss\/#breadcrumb\"},\"inLanguage\":\"en-NZ\",\"potentialAction\":[{\"@type\":\"ReadAction\",\"target\":[\"https:\/\/www.goldengoat.com.tr\/hcp\/sss\/\"]}]},{\"@type\":\"BreadcrumbList\",\"@id\":\"https:\/\/www.goldengoat.com.tr\/hcp\/sss\/#breadcrumb\",\"itemListElement\":[{\"@type\":\"ListItem\",\"position\":1,\"name\":\"Home\",\"item\":\"https:\/\/www.goldengoat.com.tr\/hcp\/\"},{\"@type\":\"ListItem\",\"position\":2,\"name\":\"SSS\"}]},{\"@type\":\"WebSite\",\"@id\":\"https:\/\/www.goldengoat.com.tr\/hcp\/#website\",\"url\":\"https:\/\/www.goldengoat.com.tr\/hcp\/\",\"name\":\"Golden Goat HCP\",\"description\":\"\",\"potentialAction\":[{\"@type\":\"SearchAction\",\"target\":{\"@type\":\"EntryPoint\",\"urlTemplate\":\"https:\/\/www.goldengoat.com.tr\/hcp\/?s={search_term_string}\"},\"query-input\":\"required name=search_term_string\"}],\"inLanguage\":\"en-NZ\"}]}<\/script>\n<!-- \/ Yoast SEO plugin. -->","yoast_head_json":{"title":"SSS - Golden Goat HCP","description":"Ke\u00e7i s\u00fct\u00fc bebek form\u00fcl\u00fc \u201cd\u00fcnyada\u201d ilk kez 30 y\u0131l \u00f6nce Yeni Zelanda\u2019da kullan\u0131lm\u0131\u015ft\u0131r. Dairy Goat Co-operative ke\u00e7i s\u00fct\u00fc bebek form\u00fcl\u00fcn\u00fcn \u00f6nc\u00fcs\u00fc ve mucididir.","robots":{"index":"index","follow":"follow","max-snippet":"max-snippet:-1","max-image-preview":"max-image-preview:large","max-video-preview":"max-video-preview:-1"},"canonical":"https:\/\/www.goldengoat.com.tr\/hcp\/sss\/","og_locale":"en_US","og_type":"article","og_title":"SSS - Golden Goat HCP","og_description":"Ke\u00e7i s\u00fct\u00fc bebek form\u00fcl\u00fc \u201cd\u00fcnyada\u201d ilk kez 30 y\u0131l \u00f6nce Yeni Zelanda\u2019da kullan\u0131lm\u0131\u015ft\u0131r. Dairy Goat Co-operative ke\u00e7i s\u00fct\u00fc bebek form\u00fcl\u00fcn\u00fcn \u00f6nc\u00fcs\u00fc ve mucididir.","og_url":"https:\/\/www.goldengoat.com.tr\/hcp\/sss\/","og_site_name":"Golden Goat HCP","article_modified_time":"2020-05-22T23:13:49+00:00","twitter_card":"summary_large_image","twitter_misc":{"Est. reading time":"5 minutes"},"schema":{"@context":"https:\/\/schema.org","@graph":[{"@type":"WebPage","@id":"https:\/\/www.goldengoat.com.tr\/hcp\/sss\/","url":"https:\/\/www.goldengoat.com.tr\/hcp\/sss\/","name":"SSS - Golden Goat HCP","isPartOf":{"@id":"https:\/\/www.goldengoat.com.tr\/hcp\/#website"},"datePublished":"2019-12-20T21:25:50+00:00","dateModified":"2020-05-22T23:13:49+00:00","description":"Ke\u00e7i s\u00fct\u00fc bebek form\u00fcl\u00fc \u201cd\u00fcnyada\u201d ilk kez 30 y\u0131l \u00f6nce Yeni Zelanda\u2019da kullan\u0131lm\u0131\u015ft\u0131r. Dairy Goat Co-operative ke\u00e7i s\u00fct\u00fc bebek form\u00fcl\u00fcn\u00fcn \u00f6nc\u00fcs\u00fc ve mucididir.","breadcrumb":{"@id":"https:\/\/www.goldengoat.com.tr\/hcp\/sss\/#breadcrumb"},"inLanguage":"en-NZ","potentialAction":[{"@type":"ReadAction","target":["https:\/\/www.goldengoat.com.tr\/hcp\/sss\/"]}]},{"@type":"BreadcrumbList","@id":"https:\/\/www.goldengoat.com.tr\/hcp\/sss\/#breadcrumb","itemListElement":[{"@type":"ListItem","position":1,"name":"Home","item":"https:\/\/www.goldengoat.com.tr\/hcp\/"},{"@type":"ListItem","position":2,"name":"SSS"}]},{"@type":"WebSite","@id":"https:\/\/www.goldengoat.com.tr\/hcp\/#website","url":"https:\/\/www.goldengoat.com.tr\/hcp\/","name":"Golden Goat HCP","description":"","potentialAction":[{"@type":"SearchAction","target":{"@type":"EntryPoint","urlTemplate":"https:\/\/www.goldengoat.com.tr\/hcp\/?s={search_term_string}"},"query-input":"required name=search_term_string"}],"inLanguage":"en-NZ"}]}},"_links":{"self":[{"href":"https:\/\/www.goldengoat.com.tr\/hcp\/wp-json\/wp\/v2\/pages\/25"}],"collection":[{"href":"https:\/\/www.goldengoat.com.tr\/hcp\/wp-json\/wp\/v2\/pages"}],"about":[{"href":"https:\/\/www.goldengoat.com.tr\/hcp\/wp-json\/wp\/v2\/types\/page"}],"author":[{"embeddable":true,"href":"https:\/\/www.goldengoat.com.tr\/hcp\/wp-json\/wp\/v2\/users\/1"}],"replies":[{"embeddable":true,"href":"https:\/\/www.goldengoat.com.tr\/hcp\/wp-json\/wp\/v2\/comments?post=25"}],"version-history":[{"count":12,"href":"https:\/\/www.goldengoat.com.tr\/hcp\/wp-json\/wp\/v2\/pages\/25\/revisions"}],"predecessor-version":[{"id":820,"href":"https:\/\/www.goldengoat.com.tr\/hcp\/wp-json\/wp\/v2\/pages\/25\/revisions\/820"}],"wp:attachment":[{"href":"https:\/\/www.goldengoat.com.tr\/hcp\/wp-json\/wp\/v2\/media?parent=25"}],"curies":[{"name":"wp","href":"https:\/\/api.w.org\/{rel}","templated":true}]}}