{"id":29,"date":"2019-12-20T21:27:02","date_gmt":"2019-12-20T21:27:02","guid":{"rendered":"https:\/\/www.capricare.eu\/goldengoat-hcp\/?page_id=29"},"modified":"2020-05-22T23:16:02","modified_gmt":"2020-05-22T23:16:02","slug":"gizlilik-ilkesi","status":"publish","type":"page","link":"https:\/\/www.goldengoat.com.tr\/hcp\/gizlilik-ilkesi\/","title":{"rendered":"Gizlilik \u0130lkesi"},"content":{"rendered":"[vc_row type=&#8221;full_width_content&#8221; full_screen_row_position=&#8221;middle&#8221; column_margin=&#8221;default&#8221; bg_color=&#8221;#e4f2e2&#8243; scene_position=&#8221;center&#8221; text_color=&#8221;dark&#8221; text_align=&#8221;left&#8221; id=&#8221;bread-note&#8221; overlay_strength=&#8221;0.3&#8243; shape_divider_position=&#8221;bottom&#8221; bg_image_animation=&#8221;none&#8221; shape_type=&#8221;&#8221;][vc_column column_padding=&#8221;no-extra-padding&#8221; column_padding_position=&#8221;all&#8221; background_color_opacity=&#8221;1&#8243; background_hover_color_opacity=&#8221;1&#8243; column_link_target=&#8221;_self&#8221; column_shadow=&#8221;none&#8221; column_border_radius=&#8221;none&#8221; width=&#8221;1\/1&#8243; tablet_width_inherit=&#8221;default&#8221; tablet_text_alignment=&#8221;default&#8221; phone_text_alignment=&#8221;default&#8221; overlay_strength=&#8221;0.3&#8243; column_border_width=&#8221;none&#8221; column_border_style=&#8221;solid&#8221; bg_image_animation=&#8221;none&#8221;][divider line_type=&#8221;No Line&#8221; custom_height=&#8221;20&#8243;][vc_column_text el_class=&#8221;note&#8221;]\n<h1>Gizlilik \u0130lkesi<\/h1>\n[\/vc_column_text][\/vc_column][\/vc_row][vc_row type=&#8221;full_width_background&#8221; full_screen_row_position=&#8221;middle&#8221; column_margin=&#8221;default&#8221; bg_color=&#8221;#e4f2e2&#8243; scene_position=&#8221;center&#8221; text_color=&#8221;dark&#8221; text_align=&#8221;left&#8221; top_padding=&#8221;80&#8243; class=&#8221;cc-terms&#8221; overlay_strength=&#8221;0.3&#8243; shape_divider_position=&#8221;bottom&#8221; bg_image_animation=&#8221;none&#8221; shape_type=&#8221;&#8221;][vc_column column_padding=&#8221;no-extra-padding&#8221; column_padding_position=&#8221;all&#8221; background_color_opacity=&#8221;1&#8243; background_hover_color_opacity=&#8221;1&#8243; column_link_target=&#8221;_self&#8221; column_shadow=&#8221;none&#8221; column_border_radius=&#8221;none&#8221; width=&#8221;1\/1&#8243; tablet_width_inherit=&#8221;default&#8221; tablet_text_alignment=&#8221;default&#8221; phone_text_alignment=&#8221;default&#8221; overlay_strength=&#8221;0.3&#8243; column_border_width=&#8221;none&#8221; column_border_style=&#8221;solid&#8221; bg_image_animation=&#8221;none&#8221;][divider line_type=&#8221;No Line&#8221; custom_height=&#8221;40&#8243;][vc_column_text]Golden Goat<sup>\u00ae<\/sup>, Dairy Goat Co-operative (N.Z.) Limited \u015firketine ait tescilli bir ticari markad\u0131r. Dairy Goat Kooperatifi, Yeni Zelanda&#8217;da 421398 \u015firket sicil numaras\u0131yla kay\u0131tl\u0131 ve kay\u0131tl\u0131 ofisi 18 Gallagher Drive, Hamilton, Yeni Zelanda olan ve gizlili\u011finizi koruma ve sayg\u0131 duymay\u0131 taahh\u00fct eden bir \u015firkettir.<\/p>\n<p>Bu politika, sizden toplad\u0131\u011f\u0131m\u0131z veya bize sa\u011flad\u0131\u011f\u0131n\u0131z t\u00fcm ki\u015fisel verilerin bizim taraf\u0131m\u0131zdan i\u015flenmesinin temelini belirler. Ki\u015fisel verileriniz ve bunlar\u0131 nas\u0131l ele alaca\u011f\u0131m\u0131zla ilgili g\u00f6r\u00fc\u015flerimizi ve uygulamalar\u0131m\u0131z\u0131 anlamak i\u00e7in l\u00fctfen a\u015fa\u011f\u0131dakileri dikkatlice okuyun.<\/p>\n<p>Kaprikorn G\u0131da, T\u00fcrkiye&#8217;de Golden Goat i\u00e7in m\u00fcnhas\u0131r da\u011f\u0131t\u0131m haklar\u0131na sahiptir.<\/p>\n<p>T\u00fcrkiye\u2019deki veri koruma yasalar\u0131 a\u00e7\u0131s\u0131ndan veri denetleyicisi Kaprikorn G\u0131da&#8217;d\u0131r.<\/p>\n<p><strong>Ki\u015fisel verilerin i\u015flenmesi<\/strong><br \/>\nBu b\u00f6l\u00fcmdeki paragraflar, ki\u015fisel verilerinizi nas\u0131l ve neden i\u015fledi\u011fimizi ve bu i\u015flemi ger\u00e7ekle\u015ftirdi\u011fimiz yasal dayana\u011f\u0131 a\u00e7\u0131klar.<\/p>\n<p>M\u00fc\u015fteri Hizmetleri ba\u015fvuru ve aramalar\u0131n\u0131zda size yard\u0131mc\u0131 olmak i\u00e7in (\u00fcr\u00fcnlerimizle ilgili ve\/veya bebe\u011finizi beslemek i\u00e7in) \u00fcr\u00fcnlerimizle veya \u00fcr\u00fcnlerimizle ilgili m\u00fc\u015fteri hizmetleri bilgilerini vermemizi istedi\u011finiz yerde, bu bilgileri ve tavsiyeleri size sunmak i\u00e7in ki\u015fisel verilerinizi i\u015fleyece\u011fiz. Ki\u015fisel verileri bu \u015fekilde kullanmam\u0131z, \u00f6zellikle bize sa\u011flad\u0131\u011f\u0131n\u0131z ileti\u015fim bilgilerinin ve ayr\u0131nt\u0131lar\u0131n g\u00fcvenli sunucularda sakland\u0131\u011f\u0131n\u0131 kaydetmeyi i\u00e7erir. Sorgunuza etkili ve do\u011fru bir \u015fekilde cevap verebilmek i\u00e7in ki\u015fisel verilerinizi bu \u015fekilde i\u015flememiz gerekir.<br \/>\nKi\u015fisel verilerinizi bu \u015fekilde bize sunmak istemiyorsan\u0131z, talep etti\u011finiz bilgi veya yard\u0131m\u0131 sa\u011flayamayaca\u011f\u0131z.<\/p>\n<p>Ki\u015fisel verilerinizi bu ko\u015fullarda i\u015fledi\u011fimiz yasal temel, size m\u00fcmk\u00fcn olan en iyi m\u00fc\u015fteri hizmetini sunmak i\u00e7in me\u015fru menfaatimizdir.<\/p>\n<p>Ki\u015fisel verilerinizi bize sa\u011flama y\u00fck\u00fcml\u00fcl\u00fc\u011f\u00fcn\u00fcz yoktur ve ki\u015fisel verilerinizin bu \u015fekilde i\u015flenmesine ili\u015fkin onay\u0131n\u0131z\u0131 istedi\u011finiz zaman bizimle <a href=\"mailto:info@kaprikorn.com.tr\">info@kaprikorn.com.tr<\/a> adresimizden yaz\u0131l\u0131 olarak ileti\u015fime ge\u00e7erek geri \u00e7ekebilirsiniz. E\u011fer; onay\u0131n\u0131z\u0131 geri \u00e7ekmeyi se\u00e7erseniz, bu, onay\u0131n\u0131z\u0131 geri \u00e7ekmeden \u00f6nce verilerinizin i\u015flenmesinin yasad\u0131\u015f\u0131 oldu\u011fu anlam\u0131na gelmez.<\/p>\n<p><strong>Sizden toplad\u0131\u011f\u0131m\u0131z bilgiler<\/strong><br \/>\nSizinle ilgili a\u015fa\u011f\u0131daki verileri toplayaca\u011f\u0131z ve i\u015fleyece\u011fiz:<br \/>\n&#8211; Bize verdi\u011finiz bilgiler www.goldengoat.com.tr web sitemizdeki formu doldurarak ya da telefon, e-posta veya ba\u015fka bir yolla bizimle yaz\u0131\u015farak bize verdi\u011finiz bilgilerdir. Bu bilgiler ad\u0131n\u0131z\u0131, adresinizi, e-posta adresinizi, telefon numaran\u0131z\u0131, sizinle ve bebe\u011finizle veya \u00e7ocu\u011funuzla ilgili di\u011fer bilgileri i\u00e7erebilir.<\/p>\n<p><strong>Bilgiden yap\u0131lan kullan\u0131mlar<\/strong><br \/>\nBize verdi\u011finiz bilgileri yukar\u0131da belirtilen ama\u00e7lar i\u00e7in kullanaca\u011f\u0131z.<\/p>\n<p><strong>Ki\u015fisel verileri nerede sakl\u0131yoruz<\/strong><br \/>\nBize sa\u011flad\u0131\u011f\u0131n\u0131z t\u00fcm bilgiler g\u00fcvenli sunucularda saklan\u0131r. Yetkisiz eri\u015fimi veya if\u015fay\u0131 \u00f6nlemek i\u00e7in, toplad\u0131\u011f\u0131m\u0131z bilgileri korumak ve g\u00fcvenceye almak i\u00e7in uygun fiziksel, elektronik ve y\u00f6netimsel prosed\u00fcrleri uyguluyoruz.<\/p>\n<p><strong>Saklama s\u00fcresi<\/strong><br \/>\nBa\u015fka sorular\u0131n\u0131z, geri bildiriminiz veya \u00fcr\u00fcnlerimizle ilgili daha fazla yard\u0131m alman\u0131z gerekti\u011finde size yard\u0131mc\u0131 olabilmemizi sa\u011flamak i\u00e7in bize ilk bilgi verdi\u011finiz tarihten itibaren 3 y\u0131l boyunca verilerinizi saklayaca\u011f\u0131z.<\/p>\n<p>Dairy Goat Kooperatifi (N.Z.) Limited ve Kaprikorn G\u0131da d\u0131\u015f\u0131nda ki\u015fisel verilerinizin al\u0131c\u0131lar\u0131 kimlerdir?<\/p>\n<p>\u0130zninizle bilgilerinizi \u00fc\u00e7\u00fcnc\u00fc taraflara if\u015fa edebiliriz.<br \/>\nVeri koruma yasalar\u0131 kapsam\u0131ndaki haklar\u0131n\u0131z<\/p>\n<p><strong>\u0130tiraz hakk\u0131<\/strong><br \/>\nKi\u015fisel verilerinizi me\u015fru \u00e7\u0131karlar\u0131m\u0131za dayanarak i\u015fledi\u011fimiz durumlarda (yukar\u0131da belirtildi\u011fi gibi) ki\u015fisel verilerinizi i\u015flememize itiraz etme hakk\u0131na sahipsiniz. Ki\u015fisel verilerinizi bu temelde i\u015flemeyi durdurmam\u0131z\u0131 isterseniz, i\u015flemenin veri koruma yasalar\u0131na uygun olarak neden devam etmesi gerekti\u011fi konusunda zorlay\u0131c\u0131 gerek\u00e7eler g\u00f6stermedik\u00e7e ki\u015fisel verilerinizi i\u015flemeyi durduraca\u011f\u0131z. E\u011fer; ki\u015fisel verilerinizi i\u015flemeyi durdurmam\u0131z\u0131 isterseniz, duraca\u011f\u0131z.<\/p>\n<p><strong>Eri\u015fim hakk\u0131<\/strong><br \/>\nKi\u015fisel verilerinizin bizim taraf\u0131m\u0131zdan i\u015flenip i\u015flenmedi\u011fi ve ki\u015fisel verilerinizi kullan\u0131m\u0131m\u0131zla ilgili di\u011fer \u00e7e\u015fitli bilgiler hakk\u0131nda onay alma hakk\u0131na sahipsiniz. Ayr\u0131ca i\u015fledi\u011fimiz ki\u015fisel verilerinize eri\u015fim hakk\u0131na da sahipsiniz.<\/p>\n<p><strong>D\u00fczeltme hakk\u0131<\/strong><br \/>\nHakk\u0131n\u0131zda tuttu\u011fumuz yanl\u0131\u015f ki\u015fisel verileri d\u00fczeltmemizi talep etme hakk\u0131na sahipsiniz. Ayr\u0131ca, tamamlay\u0131c\u0131 bir beyanda bulunarak, hakk\u0131n\u0131zda tamamlad\u0131\u011f\u0131m\u0131z ki\u015fisel verilerinizi tamamlama hakk\u0131na da sahipsiniz.<\/p>\n<p><strong>K\u0131s\u0131tlama hakk\u0131<\/strong><br \/>\nA\u015fa\u011f\u0131daki durumlarda ki\u015fisel verilerinizin i\u015flenmesini k\u0131s\u0131tlama hakk\u0131na sahipsiniz: ki\u015fisel verilerin do\u011frulu\u011fu sizin taraf\u0131n\u0131zdan tart\u0131\u015f\u0131l\u0131yor; ki\u015fisel verilerinizin taraf\u0131m\u0131zdan i\u015flenmesi yasalara ayk\u0131r\u0131d\u0131r, ancak ilgili ki\u015fisel verilerin silinmesini istemezsiniz; art\u0131k ki\u015fisel verilerinizi kararla\u015ft\u0131r\u0131lan ama\u00e7larla i\u015flememize gerek yoktur, ancak ki\u015fisel verilerinizi yasal taleplerin olu\u015fturulmas\u0131, uygulanmas\u0131 veya savunulmas\u0131 i\u00e7in korumak istersiniz; veya verilerinizi (yukar\u0131da belirtildi\u011fi gibi) me\u015fru menfaatimize dayanarak i\u015fliyoruz ve siz:<br \/>\n&#8211; bu temelde i\u015flememize itiraz etmek; ve<br \/>\n&#8211; me\u015fru menfaatimizin me\u015fru menfaatinizi ge\u00e7ersiz k\u0131l\u0131p k\u0131lmayaca\u011f\u0131n\u0131 belirleyene kadar ilgili ki\u015fisel verilerin i\u015flenmesinin k\u0131s\u0131tlanmas\u0131n\u0131 isteme.<\/p>\n<p>K\u0131s\u0131tlama hakk\u0131n\u0131z \u00fczerinde yapt\u0131\u011f\u0131n\u0131z herhangi bir al\u0131\u015ft\u0131rma, belirli ki\u015fisel verileri i\u015flememizin k\u0131s\u0131tlanaca\u011f\u0131n\u0131 belirledi\u011finde, ilgili ki\u015fisel verileri yaln\u0131zca sizin izniniz do\u011frultusunda ve ek olarak depolama amac\u0131yla ve yasal iddialar.<\/p>\n<p>Taraf\u0131n\u0131zdan k\u0131s\u0131tlama hakk\u0131n\u0131z\u0131n kullan\u0131lmas\u0131, belirli ki\u015fisel verilerin i\u015flenmesinin k\u0131s\u0131tlanaca\u011f\u0131n\u0131 belirledi\u011finde, ilgili ki\u015fisel verileri yaln\u0131zca sizin izniniz do\u011frultusunda ve ayr\u0131ca yasal taleplerde kullanmak amac\u0131yla depolay\u0131p i\u015fleyece\u011fiz.<\/p>\n<p><strong>Silme hakk\u0131<\/strong><br \/>\nA\u015fa\u011f\u0131daki gerek\u00e7elerden en az birinin ge\u00e7erli oldu\u011fu yerlerde i\u015fledi\u011fimiz ki\u015fisel verilerinizi silmemizi isteme hakk\u0131na sahipsiniz:<br \/>\n-art\u0131k ki\u015fisel verilerinizin toplanma veya ba\u015fka bir \u015fekilde i\u015flenme ama\u00e7lar\u0131na ili\u015fkin olarak i\u015flemeye gerek yoksa;<br \/>\n-ki\u015fisel verilerinizin i\u015flenmesi izninize dayan\u0131r, daha sonra izninizi geri \u00e7ekti\u011finizde ve ki\u015fisel verilerinizi i\u015flemek i\u00e7in kullanabilece\u011fimiz ba\u015fka bir yasal zemin yoksa;<br \/>\n-bu politikan\u0131n \u201citiraz hakk\u0131\u201d b\u00f6l\u00fcm\u00fcnde belirtildi\u011fi \u015fekilde i\u015fleme itiraz ederseniz ve bilgileri i\u015flememiz i\u00e7in ge\u00e7erli olan me\u015fru menfaatimiz yoksa;<br \/>\n-ki\u015fisel veriler yasa d\u0131\u015f\u0131 bir \u015fekilde i\u015flenmi\u015fse ve silme i\u015flemi, tabi oldu\u011fumuz bir yasaya uymak i\u00e7in gerekliyse.<br \/>\nBizimle ilgili \u015fikayetinizi bize bildirirseniz memnun oluruz, ancak bir denetim makam\u0131na \u015fikayette bulunma hakk\u0131n\u0131z da bulunmaktad\u0131r.<\/p>\n<p><strong>Haklar\u0131n\u0131z\u0131 kullanma<\/strong><br \/>\nBu haklar\u0131 <a href=\"mailto:info@kaprikorn.com.tr\">info@kaprikorn.com.tr<\/a> adresinden bizimle ileti\u015fime ge\u00e7erek kullanabilirsiniz.<\/p>\n<p><strong>Gizlilik politikam\u0131zdaki de\u011fi\u015fiklikler<\/strong><br \/>\nGelecekte gizlilik politikam\u0131zda yapaca\u011f\u0131m\u0131z de\u011fi\u015fiklikler bu sayfada yay\u0131nlanacakt\u0131r. Gizlilik politikam\u0131zdaki g\u00fcncellemeleri veya de\u011fi\u015fiklikleri g\u00f6rmek i\u00e7in l\u00fctfen sayfay\u0131 tekrar kontrol edin.<\/p>\n<p><strong>\u0130leti\u015fim<\/strong><br \/>\nBu gizlilik politikas\u0131na ili\u015fkin soru, yorum ve taleplerinizi <a href=\"mailto:info@kaprikorn.com.tr\">info@kaprikorn.com.tr<\/a> adresimizden bizlere iletebilirsiniz.<br \/>\nBu gizlilik politikas\u0131 en son 5 \u015eubat 2020&#8217;de g\u00fcncellenmi\u015ftir.[\/vc_column_text][divider line_type=&#8221;No Line&#8221; custom_height=&#8221;80&#8243;][\/vc_column][\/vc_row]\n","protected":false},"excerpt":{"rendered":"<p>[vc_row type=&#8221;full_width_content&#8221; full_screen_row_position=&#8221;middle&#8221; column_margin=&#8221;default&#8221; bg_color=&#8221;#e4f2e2&#8243; scene_position=&#8221;center&#8221; text_color=&#8221;dark&#8221; text_align=&#8221;left&#8221; id=&#8221;bread-note&#8221; overlay_strength=&#8221;0.3&#8243; shape_divider_position=&#8221;bottom&#8221; bg_image_animation=&#8221;none&#8221; shape_type=&#8221;&#8221;][vc_column column_padding=&#8221;no-extra-padding&#8221; column_padding_position=&#8221;all&#8221; background_color_opacity=&#8221;1&#8243; background_hover_color_opacity=&#8221;1&#8243; column_link_target=&#8221;_self&#8221; column_shadow=&#8221;none&#8221; column_border_radius=&#8221;none&#8221; width=&#8221;1\/1&#8243; tablet_width_inherit=&#8221;default&#8221; tablet_text_alignment=&#8221;default&#8221; phone_text_alignment=&#8221;default&#8221; overlay_strength=&#8221;0.3&#8243; column_border_width=&#8221;none&#8221; column_border_style=&#8221;solid&#8221; bg_image_animation=&#8221;none&#8221;][divider line_type=&#8221;No Line&#8221;&#8230;<\/p>\n","protected":false},"author":1,"featured_media":0,"parent":0,"menu_order":0,"comment_status":"closed","ping_status":"closed","template":"","meta":[],"yoast_head":"<!-- This site is optimized with the Yoast SEO plugin v21.1 - https:\/\/yoast.com\/wordpress\/plugins\/seo\/ -->\n<title>Gizlilik \u0130lkesi - Golden Goat HCP<\/title>\n<meta name=\"description\" content=\"\u00dcr\u00fcnlerimizle ilgili bilgi almak ya da kulland\u0131\u011f\u0131n\u0131z \u00fcr\u00fcnlerimizle ilgili bilgi vermek i\u00e7in m\u00fc\u015fteri hizmetlerimizi arad\u0131\u011f\u0131n\u0131zda, sizlere yard\u0131mc\u0131 olabilmeleri i\u00e7in ihtiya\u00e7 duyduklar\u0131 bilgiler konusunda yard\u0131mc\u0131 olman\u0131z\u0131 rica ederiz.\" \/>\n<meta name=\"robots\" content=\"index, follow, max-snippet:-1, max-image-preview:large, max-video-preview:-1\" \/>\n<link rel=\"canonical\" href=\"https:\/\/www.goldengoat.com.tr\/hcp\/gizlilik-ilkesi\/\" \/>\n<meta property=\"og:locale\" content=\"en_US\" \/>\n<meta property=\"og:type\" content=\"article\" \/>\n<meta property=\"og:title\" content=\"Gizlilik \u0130lkesi - Golden Goat HCP\" \/>\n<meta property=\"og:description\" content=\"\u00dcr\u00fcnlerimizle ilgili bilgi almak ya da kulland\u0131\u011f\u0131n\u0131z \u00fcr\u00fcnlerimizle ilgili bilgi vermek i\u00e7in m\u00fc\u015fteri hizmetlerimizi arad\u0131\u011f\u0131n\u0131zda, sizlere yard\u0131mc\u0131 olabilmeleri i\u00e7in ihtiya\u00e7 duyduklar\u0131 bilgiler konusunda yard\u0131mc\u0131 olman\u0131z\u0131 rica ederiz.\" \/>\n<meta property=\"og:url\" content=\"https:\/\/www.goldengoat.com.tr\/hcp\/gizlilik-ilkesi\/\" \/>\n<meta property=\"og:site_name\" content=\"Golden Goat HCP\" \/>\n<meta property=\"article:modified_time\" content=\"2020-05-22T23:16:02+00:00\" \/>\n<meta name=\"twitter:card\" content=\"summary_large_image\" \/>\n<meta name=\"twitter:label1\" content=\"Est. reading time\" \/>\n\t<meta name=\"twitter:data1\" content=\"7 minutes\" \/>\n<script type=\"application\/ld+json\" class=\"yoast-schema-graph\">{\"@context\":\"https:\/\/schema.org\",\"@graph\":[{\"@type\":\"WebPage\",\"@id\":\"https:\/\/www.goldengoat.com.tr\/hcp\/gizlilik-ilkesi\/\",\"url\":\"https:\/\/www.goldengoat.com.tr\/hcp\/gizlilik-ilkesi\/\",\"name\":\"Gizlilik \u0130lkesi - Golden Goat HCP\",\"isPartOf\":{\"@id\":\"https:\/\/www.goldengoat.com.tr\/hcp\/#website\"},\"datePublished\":\"2019-12-20T21:27:02+00:00\",\"dateModified\":\"2020-05-22T23:16:02+00:00\",\"description\":\"\u00dcr\u00fcnlerimizle ilgili bilgi almak ya da kulland\u0131\u011f\u0131n\u0131z \u00fcr\u00fcnlerimizle ilgili bilgi vermek i\u00e7in m\u00fc\u015fteri hizmetlerimizi arad\u0131\u011f\u0131n\u0131zda, sizlere yard\u0131mc\u0131 olabilmeleri i\u00e7in ihtiya\u00e7 duyduklar\u0131 bilgiler konusunda yard\u0131mc\u0131 olman\u0131z\u0131 rica ederiz.\",\"breadcrumb\":{\"@id\":\"https:\/\/www.goldengoat.com.tr\/hcp\/gizlilik-ilkesi\/#breadcrumb\"},\"inLanguage\":\"en-NZ\",\"potentialAction\":[{\"@type\":\"ReadAction\",\"target\":[\"https:\/\/www.goldengoat.com.tr\/hcp\/gizlilik-ilkesi\/\"]}]},{\"@type\":\"BreadcrumbList\",\"@id\":\"https:\/\/www.goldengoat.com.tr\/hcp\/gizlilik-ilkesi\/#breadcrumb\",\"itemListElement\":[{\"@type\":\"ListItem\",\"position\":1,\"name\":\"Home\",\"item\":\"https:\/\/www.goldengoat.com.tr\/hcp\/\"},{\"@type\":\"ListItem\",\"position\":2,\"name\":\"Gizlilik \u0130lkesi\"}]},{\"@type\":\"WebSite\",\"@id\":\"https:\/\/www.goldengoat.com.tr\/hcp\/#website\",\"url\":\"https:\/\/www.goldengoat.com.tr\/hcp\/\",\"name\":\"Golden Goat HCP\",\"description\":\"\",\"potentialAction\":[{\"@type\":\"SearchAction\",\"target\":{\"@type\":\"EntryPoint\",\"urlTemplate\":\"https:\/\/www.goldengoat.com.tr\/hcp\/?s={search_term_string}\"},\"query-input\":\"required name=search_term_string\"}],\"inLanguage\":\"en-NZ\"}]}<\/script>\n<!-- \/ Yoast SEO plugin. -->","yoast_head_json":{"title":"Gizlilik \u0130lkesi - Golden Goat HCP","description":"\u00dcr\u00fcnlerimizle ilgili bilgi almak ya da kulland\u0131\u011f\u0131n\u0131z \u00fcr\u00fcnlerimizle ilgili bilgi vermek i\u00e7in m\u00fc\u015fteri hizmetlerimizi arad\u0131\u011f\u0131n\u0131zda, sizlere yard\u0131mc\u0131 olabilmeleri i\u00e7in ihtiya\u00e7 duyduklar\u0131 bilgiler konusunda yard\u0131mc\u0131 olman\u0131z\u0131 rica ederiz.","robots":{"index":"index","follow":"follow","max-snippet":"max-snippet:-1","max-image-preview":"max-image-preview:large","max-video-preview":"max-video-preview:-1"},"canonical":"https:\/\/www.goldengoat.com.tr\/hcp\/gizlilik-ilkesi\/","og_locale":"en_US","og_type":"article","og_title":"Gizlilik \u0130lkesi - Golden Goat HCP","og_description":"\u00dcr\u00fcnlerimizle ilgili bilgi almak ya da kulland\u0131\u011f\u0131n\u0131z \u00fcr\u00fcnlerimizle ilgili bilgi vermek i\u00e7in m\u00fc\u015fteri hizmetlerimizi arad\u0131\u011f\u0131n\u0131zda, sizlere yard\u0131mc\u0131 olabilmeleri i\u00e7in ihtiya\u00e7 duyduklar\u0131 bilgiler konusunda yard\u0131mc\u0131 olman\u0131z\u0131 rica ederiz.","og_url":"https:\/\/www.goldengoat.com.tr\/hcp\/gizlilik-ilkesi\/","og_site_name":"Golden Goat HCP","article_modified_time":"2020-05-22T23:16:02+00:00","twitter_card":"summary_large_image","twitter_misc":{"Est. reading time":"7 minutes"},"schema":{"@context":"https:\/\/schema.org","@graph":[{"@type":"WebPage","@id":"https:\/\/www.goldengoat.com.tr\/hcp\/gizlilik-ilkesi\/","url":"https:\/\/www.goldengoat.com.tr\/hcp\/gizlilik-ilkesi\/","name":"Gizlilik \u0130lkesi - Golden Goat HCP","isPartOf":{"@id":"https:\/\/www.goldengoat.com.tr\/hcp\/#website"},"datePublished":"2019-12-20T21:27:02+00:00","dateModified":"2020-05-22T23:16:02+00:00","description":"\u00dcr\u00fcnlerimizle ilgili bilgi almak ya da kulland\u0131\u011f\u0131n\u0131z \u00fcr\u00fcnlerimizle ilgili bilgi vermek i\u00e7in m\u00fc\u015fteri hizmetlerimizi arad\u0131\u011f\u0131n\u0131zda, sizlere yard\u0131mc\u0131 olabilmeleri i\u00e7in ihtiya\u00e7 duyduklar\u0131 bilgiler konusunda yard\u0131mc\u0131 olman\u0131z\u0131 rica ederiz.","breadcrumb":{"@id":"https:\/\/www.goldengoat.com.tr\/hcp\/gizlilik-ilkesi\/#breadcrumb"},"inLanguage":"en-NZ","potentialAction":[{"@type":"ReadAction","target":["https:\/\/www.goldengoat.com.tr\/hcp\/gizlilik-ilkesi\/"]}]},{"@type":"BreadcrumbList","@id":"https:\/\/www.goldengoat.com.tr\/hcp\/gizlilik-ilkesi\/#breadcrumb","itemListElement":[{"@type":"ListItem","position":1,"name":"Home","item":"https:\/\/www.goldengoat.com.tr\/hcp\/"},{"@type":"ListItem","position":2,"name":"Gizlilik \u0130lkesi"}]},{"@type":"WebSite","@id":"https:\/\/www.goldengoat.com.tr\/hcp\/#website","url":"https:\/\/www.goldengoat.com.tr\/hcp\/","name":"Golden Goat HCP","description":"","potentialAction":[{"@type":"SearchAction","target":{"@type":"EntryPoint","urlTemplate":"https:\/\/www.goldengoat.com.tr\/hcp\/?s={search_term_string}"},"query-input":"required name=search_term_string"}],"inLanguage":"en-NZ"}]}},"_links":{"self":[{"href":"https:\/\/www.goldengoat.com.tr\/hcp\/wp-json\/wp\/v2\/pages\/29"}],"collection":[{"href":"https:\/\/www.goldengoat.com.tr\/hcp\/wp-json\/wp\/v2\/pages"}],"about":[{"href":"https:\/\/www.goldengoat.com.tr\/hcp\/wp-json\/wp\/v2\/types\/page"}],"author":[{"embeddable":true,"href":"https:\/\/www.goldengoat.com.tr\/hcp\/wp-json\/wp\/v2\/users\/1"}],"replies":[{"embeddable":true,"href":"https:\/\/www.goldengoat.com.tr\/hcp\/wp-json\/wp\/v2\/comments?post=29"}],"version-history":[{"count":6,"href":"https:\/\/www.goldengoat.com.tr\/hcp\/wp-json\/wp\/v2\/pages\/29\/revisions"}],"predecessor-version":[{"id":822,"href":"https:\/\/www.goldengoat.com.tr\/hcp\/wp-json\/wp\/v2\/pages\/29\/revisions\/822"}],"wp:attachment":[{"href":"https:\/\/www.goldengoat.com.tr\/hcp\/wp-json\/wp\/v2\/media?parent=29"}],"curies":[{"name":"wp","href":"https:\/\/api.w.org\/{rel}","templated":true}]}}