{"id":31,"date":"2019-12-20T21:27:58","date_gmt":"2019-12-20T21:27:58","guid":{"rendered":"https:\/\/www.capricare.eu\/goldengoat-hcp\/?page_id=31"},"modified":"2020-05-22T23:15:27","modified_gmt":"2020-05-22T23:15:27","slug":"cerez-politikasi","status":"publish","type":"page","link":"https:\/\/www.goldengoat.com.tr\/hcp\/cerez-politikasi\/","title":{"rendered":"\u00c7erez Politikas\u0131"},"content":{"rendered":"[vc_row type=&#8221;full_width_content&#8221; full_screen_row_position=&#8221;middle&#8221; column_margin=&#8221;default&#8221; bg_color=&#8221;#e4f2e2&#8243; scene_position=&#8221;center&#8221; text_color=&#8221;dark&#8221; text_align=&#8221;left&#8221; id=&#8221;bread-note&#8221; overlay_strength=&#8221;0.3&#8243; shape_divider_position=&#8221;bottom&#8221; bg_image_animation=&#8221;none&#8221; shape_type=&#8221;&#8221;][vc_column column_padding=&#8221;no-extra-padding&#8221; column_padding_position=&#8221;all&#8221; background_color_opacity=&#8221;1&#8243; background_hover_color_opacity=&#8221;1&#8243; column_link_target=&#8221;_self&#8221; column_shadow=&#8221;none&#8221; column_border_radius=&#8221;none&#8221; width=&#8221;1\/1&#8243; tablet_width_inherit=&#8221;default&#8221; tablet_text_alignment=&#8221;default&#8221; phone_text_alignment=&#8221;default&#8221; overlay_strength=&#8221;0.3&#8243; column_border_width=&#8221;none&#8221; column_border_style=&#8221;solid&#8221; bg_image_animation=&#8221;none&#8221;][divider line_type=&#8221;No Line&#8221; custom_height=&#8221;20&#8243;][vc_column_text el_class=&#8221;note&#8221;]\u00c7erez Politikas\u0131[\/vc_column_text][\/vc_column][\/vc_row][vc_row type=&#8221;full_width_background&#8221; full_screen_row_position=&#8221;middle&#8221; column_margin=&#8221;default&#8221; bg_color=&#8221;#e4f2e2&#8243; scene_position=&#8221;center&#8221; text_color=&#8221;dark&#8221; text_align=&#8221;left&#8221; class=&#8221;cc-terms&#8221; overlay_strength=&#8221;0.3&#8243; shape_divider_position=&#8221;bottom&#8221; bg_image_animation=&#8221;none&#8221; shape_type=&#8221;&#8221;][vc_column column_padding=&#8221;no-extra-padding&#8221; column_padding_position=&#8221;all&#8221; background_color_opacity=&#8221;1&#8243; background_hover_color_opacity=&#8221;1&#8243; column_link_target=&#8221;_self&#8221; column_shadow=&#8221;none&#8221; column_border_radius=&#8221;none&#8221; width=&#8221;1\/1&#8243; tablet_width_inherit=&#8221;default&#8221; tablet_text_alignment=&#8221;default&#8221; phone_text_alignment=&#8221;default&#8221; overlay_strength=&#8221;0.3&#8243; column_border_width=&#8221;none&#8221; column_border_style=&#8221;solid&#8221; bg_image_animation=&#8221;none&#8221;][divider line_type=&#8221;No Line&#8221; custom_height=&#8221;100&#8243;][vc_column_text]\n<h4>\u00c7erezleri nas\u0131l kullan\u0131yoruz?<\/h4>\n<p>Golden Goat<sup>\u00ae<\/sup> \u00e7erezleri kullanma \u015feklimiz ve bunun sizin i\u00e7in ne anlama geldi\u011fi konusunda \u015feffaf olmay\u0131 ama\u00e7lar.<\/p>\n<p>\u00c7erez, bilgisayar\u0131n\u0131z\u0131n veya mobil cihaz\u0131n\u0131z\u0131n sabit s\u00fcr\u00fcc\u00fcs\u00fcne kaydedilmek i\u00e7in izin isteyen k\u00fc\u00e7\u00fck bir dosyad\u0131r. Kabul etti\u011finizde dosya eklenir ve web trafi\u011finin analiz edilmesine yard\u0131mc\u0131 olur veya belirli bir siteyi ziyaret etti\u011finizde bunu size bildirir. \u00c7erezler, web uygulamalar\u0131n\u0131n size bireysel olarak yan\u0131t vermelerine olanak tan\u0131r. Web uygulamas\u0131, tercihleriniz hakk\u0131nda bilgi toplayarak ve bunlar\u0131 hat\u0131rlayarak \u00e7al\u0131\u015fma \u015feklini; ihtiya\u00e7lar\u0131n\u0131za, be\u011fendi\u011finiz ve be\u011fenmedi\u011finiz \u00f6\u011felere g\u00f6re ayarlayabilir.<\/p>\n<p>Hangi sayfalar\u0131n kullan\u0131ld\u0131\u011f\u0131n\u0131 tespit etmek i\u00e7in trafik g\u00fcnl\u00fc\u011f\u00fc \u00e7erezleri kullan\u0131r\u0131z. Bu, web sayfas\u0131 trafi\u011fi hakk\u0131nda veri analizi yapmam\u0131za ve web sitemizi, m\u00fc\u015fterinin ihtiyac\u0131na g\u00f6re ayarlamak i\u00e7in geli\u015ftirmemize olanak tan\u0131r. Bu bilgiyi yaln\u0131zca istatistiksel analiz amac\u0131yla kullan\u0131r\u0131z ve analizin ard\u0131ndan veri sistemden silinir.<\/p>\n<p>Genel olarak, \u00e7erezler, hangi sayfalar\u0131 faydal\u0131 hangi sayfalar\u0131 faydas\u0131z buldu\u011funuzu izlememize olanak tan\u0131yarak size daha iyi bir web sitesi sa\u011flamam\u0131za yard\u0131mc\u0131 olur. \u00c7erezler; bilgisayar\u0131n\u0131za veya bizimle payla\u015ft\u0131\u011f\u0131n\u0131z veri d\u0131\u015f\u0131nda sizin hakk\u0131n\u0131zda herhangi bir veriye eri\u015fmemize olanak tan\u0131maz.<\/p>\n<p>\u00c7erezleri kabul edebilir veya reddedebilirsiniz. \u00c7o\u011fu web taray\u0131c\u0131, \u00e7erezleri otomatik olarak kabul eder ancak tercih etmeniz halinde genellikle taray\u0131c\u0131 ayarlar\u0131ndan \u00e7erezleri reddetmeyi se\u00e7ebilirsiniz. Bu web sitesinden tam anlam\u0131yla faydalanman\u0131z\u0131 engeller. [\/vc_column_text][divider line_type=&#8221;No Line&#8221; custom_height=&#8221;80&#8243;][\/vc_column][\/vc_row]\n","protected":false},"excerpt":{"rendered":"<p>[vc_row type=&#8221;full_width_content&#8221; full_screen_row_position=&#8221;middle&#8221; column_margin=&#8221;default&#8221; bg_color=&#8221;#e4f2e2&#8243; scene_position=&#8221;center&#8221; text_color=&#8221;dark&#8221; text_align=&#8221;left&#8221; id=&#8221;bread-note&#8221; overlay_strength=&#8221;0.3&#8243; shape_divider_position=&#8221;bottom&#8221; bg_image_animation=&#8221;none&#8221; shape_type=&#8221;&#8221;][vc_column column_padding=&#8221;no-extra-padding&#8221; column_padding_position=&#8221;all&#8221; background_color_opacity=&#8221;1&#8243; background_hover_color_opacity=&#8221;1&#8243; column_link_target=&#8221;_self&#8221; column_shadow=&#8221;none&#8221; column_border_radius=&#8221;none&#8221; width=&#8221;1\/1&#8243; tablet_width_inherit=&#8221;default&#8221; tablet_text_alignment=&#8221;default&#8221; phone_text_alignment=&#8221;default&#8221; overlay_strength=&#8221;0.3&#8243; column_border_width=&#8221;none&#8221; column_border_style=&#8221;solid&#8221; bg_image_animation=&#8221;none&#8221;][divider line_type=&#8221;No Line&#8221;&#8230;<\/p>\n","protected":false},"author":1,"featured_media":0,"parent":0,"menu_order":0,"comment_status":"closed","ping_status":"closed","template":"","meta":[],"yoast_head":"<!-- This site is optimized with the Yoast SEO plugin v21.1 - https:\/\/yoast.com\/wordpress\/plugins\/seo\/ -->\n<title>\u00c7erez Politikas\u0131 - Golden Goat HCP<\/title>\n<meta name=\"description\" content=\"Gizlili\u011finiz, Golden Goat\u2019un \u00e7erezleri kullanma bi\u00e7imimizde \u015feffaf olmas\u0131n\u0131 istemesi a\u00e7\u0131s\u0131ndan \u00f6nemlidir. \u00c7erezler, web uygulamalar\u0131n\u0131n size bireysel olarak yan\u0131t vermesine izin verir.\" \/>\n<meta name=\"robots\" content=\"index, follow, max-snippet:-1, max-image-preview:large, max-video-preview:-1\" \/>\n<link rel=\"canonical\" href=\"https:\/\/www.goldengoat.com.tr\/hcp\/cerez-politikasi\/\" \/>\n<meta property=\"og:locale\" content=\"en_US\" \/>\n<meta property=\"og:type\" content=\"article\" \/>\n<meta property=\"og:title\" content=\"\u00c7erez Politikas\u0131 - Golden Goat HCP\" \/>\n<meta property=\"og:description\" content=\"Gizlili\u011finiz, Golden Goat\u2019un \u00e7erezleri kullanma bi\u00e7imimizde \u015feffaf olmas\u0131n\u0131 istemesi a\u00e7\u0131s\u0131ndan \u00f6nemlidir. \u00c7erezler, web uygulamalar\u0131n\u0131n size bireysel olarak yan\u0131t vermesine izin verir.\" \/>\n<meta property=\"og:url\" content=\"https:\/\/www.goldengoat.com.tr\/hcp\/cerez-politikasi\/\" \/>\n<meta property=\"og:site_name\" content=\"Golden Goat HCP\" \/>\n<meta property=\"article:modified_time\" content=\"2020-05-22T23:15:27+00:00\" \/>\n<meta name=\"twitter:card\" content=\"summary_large_image\" \/>\n<meta name=\"twitter:label1\" content=\"Est. reading time\" \/>\n\t<meta name=\"twitter:data1\" content=\"3 minutes\" \/>\n<script type=\"application\/ld+json\" class=\"yoast-schema-graph\">{\"@context\":\"https:\/\/schema.org\",\"@graph\":[{\"@type\":\"WebPage\",\"@id\":\"https:\/\/www.goldengoat.com.tr\/hcp\/cerez-politikasi\/\",\"url\":\"https:\/\/www.goldengoat.com.tr\/hcp\/cerez-politikasi\/\",\"name\":\"\u00c7erez Politikas\u0131 - Golden Goat HCP\",\"isPartOf\":{\"@id\":\"https:\/\/www.goldengoat.com.tr\/hcp\/#website\"},\"datePublished\":\"2019-12-20T21:27:58+00:00\",\"dateModified\":\"2020-05-22T23:15:27+00:00\",\"description\":\"Gizlili\u011finiz, Golden Goat\u2019un \u00e7erezleri kullanma bi\u00e7imimizde \u015feffaf olmas\u0131n\u0131 istemesi a\u00e7\u0131s\u0131ndan \u00f6nemlidir. \u00c7erezler, web uygulamalar\u0131n\u0131n size bireysel olarak yan\u0131t vermesine izin verir.\",\"breadcrumb\":{\"@id\":\"https:\/\/www.goldengoat.com.tr\/hcp\/cerez-politikasi\/#breadcrumb\"},\"inLanguage\":\"en-NZ\",\"potentialAction\":[{\"@type\":\"ReadAction\",\"target\":[\"https:\/\/www.goldengoat.com.tr\/hcp\/cerez-politikasi\/\"]}]},{\"@type\":\"BreadcrumbList\",\"@id\":\"https:\/\/www.goldengoat.com.tr\/hcp\/cerez-politikasi\/#breadcrumb\",\"itemListElement\":[{\"@type\":\"ListItem\",\"position\":1,\"name\":\"Home\",\"item\":\"https:\/\/www.goldengoat.com.tr\/hcp\/\"},{\"@type\":\"ListItem\",\"position\":2,\"name\":\"\u00c7erez Politikas\u0131\"}]},{\"@type\":\"WebSite\",\"@id\":\"https:\/\/www.goldengoat.com.tr\/hcp\/#website\",\"url\":\"https:\/\/www.goldengoat.com.tr\/hcp\/\",\"name\":\"Golden Goat HCP\",\"description\":\"\",\"potentialAction\":[{\"@type\":\"SearchAction\",\"target\":{\"@type\":\"EntryPoint\",\"urlTemplate\":\"https:\/\/www.goldengoat.com.tr\/hcp\/?s={search_term_string}\"},\"query-input\":\"required name=search_term_string\"}],\"inLanguage\":\"en-NZ\"}]}<\/script>\n<!-- \/ Yoast SEO plugin. -->","yoast_head_json":{"title":"\u00c7erez Politikas\u0131 - Golden Goat HCP","description":"Gizlili\u011finiz, Golden Goat\u2019un \u00e7erezleri kullanma bi\u00e7imimizde \u015feffaf olmas\u0131n\u0131 istemesi a\u00e7\u0131s\u0131ndan \u00f6nemlidir. \u00c7erezler, web uygulamalar\u0131n\u0131n size bireysel olarak yan\u0131t vermesine izin verir.","robots":{"index":"index","follow":"follow","max-snippet":"max-snippet:-1","max-image-preview":"max-image-preview:large","max-video-preview":"max-video-preview:-1"},"canonical":"https:\/\/www.goldengoat.com.tr\/hcp\/cerez-politikasi\/","og_locale":"en_US","og_type":"article","og_title":"\u00c7erez Politikas\u0131 - Golden Goat HCP","og_description":"Gizlili\u011finiz, Golden Goat\u2019un \u00e7erezleri kullanma bi\u00e7imimizde \u015feffaf olmas\u0131n\u0131 istemesi a\u00e7\u0131s\u0131ndan \u00f6nemlidir. \u00c7erezler, web uygulamalar\u0131n\u0131n size bireysel olarak yan\u0131t vermesine izin verir.","og_url":"https:\/\/www.goldengoat.com.tr\/hcp\/cerez-politikasi\/","og_site_name":"Golden Goat HCP","article_modified_time":"2020-05-22T23:15:27+00:00","twitter_card":"summary_large_image","twitter_misc":{"Est. reading time":"3 minutes"},"schema":{"@context":"https:\/\/schema.org","@graph":[{"@type":"WebPage","@id":"https:\/\/www.goldengoat.com.tr\/hcp\/cerez-politikasi\/","url":"https:\/\/www.goldengoat.com.tr\/hcp\/cerez-politikasi\/","name":"\u00c7erez Politikas\u0131 - Golden Goat HCP","isPartOf":{"@id":"https:\/\/www.goldengoat.com.tr\/hcp\/#website"},"datePublished":"2019-12-20T21:27:58+00:00","dateModified":"2020-05-22T23:15:27+00:00","description":"Gizlili\u011finiz, Golden Goat\u2019un \u00e7erezleri kullanma bi\u00e7imimizde \u015feffaf olmas\u0131n\u0131 istemesi a\u00e7\u0131s\u0131ndan \u00f6nemlidir. \u00c7erezler, web uygulamalar\u0131n\u0131n size bireysel olarak yan\u0131t vermesine izin verir.","breadcrumb":{"@id":"https:\/\/www.goldengoat.com.tr\/hcp\/cerez-politikasi\/#breadcrumb"},"inLanguage":"en-NZ","potentialAction":[{"@type":"ReadAction","target":["https:\/\/www.goldengoat.com.tr\/hcp\/cerez-politikasi\/"]}]},{"@type":"BreadcrumbList","@id":"https:\/\/www.goldengoat.com.tr\/hcp\/cerez-politikasi\/#breadcrumb","itemListElement":[{"@type":"ListItem","position":1,"name":"Home","item":"https:\/\/www.goldengoat.com.tr\/hcp\/"},{"@type":"ListItem","position":2,"name":"\u00c7erez Politikas\u0131"}]},{"@type":"WebSite","@id":"https:\/\/www.goldengoat.com.tr\/hcp\/#website","url":"https:\/\/www.goldengoat.com.tr\/hcp\/","name":"Golden Goat HCP","description":"","potentialAction":[{"@type":"SearchAction","target":{"@type":"EntryPoint","urlTemplate":"https:\/\/www.goldengoat.com.tr\/hcp\/?s={search_term_string}"},"query-input":"required name=search_term_string"}],"inLanguage":"en-NZ"}]}},"_links":{"self":[{"href":"https:\/\/www.goldengoat.com.tr\/hcp\/wp-json\/wp\/v2\/pages\/31"}],"collection":[{"href":"https:\/\/www.goldengoat.com.tr\/hcp\/wp-json\/wp\/v2\/pages"}],"about":[{"href":"https:\/\/www.goldengoat.com.tr\/hcp\/wp-json\/wp\/v2\/types\/page"}],"author":[{"embeddable":true,"href":"https:\/\/www.goldengoat.com.tr\/hcp\/wp-json\/wp\/v2\/users\/1"}],"replies":[{"embeddable":true,"href":"https:\/\/www.goldengoat.com.tr\/hcp\/wp-json\/wp\/v2\/comments?post=31"}],"version-history":[{"count":9,"href":"https:\/\/www.goldengoat.com.tr\/hcp\/wp-json\/wp\/v2\/pages\/31\/revisions"}],"predecessor-version":[{"id":823,"href":"https:\/\/www.goldengoat.com.tr\/hcp\/wp-json\/wp\/v2\/pages\/31\/revisions\/823"}],"wp:attachment":[{"href":"https:\/\/www.goldengoat.com.tr\/hcp\/wp-json\/wp\/v2\/media?parent=31"}],"curies":[{"name":"wp","href":"https:\/\/api.w.org\/{rel}","templated":true}]}}