{"id":4,"date":"2019-12-20T20:58:06","date_gmt":"2019-12-20T20:58:06","guid":{"rendered":"https:\/\/www.capricare.eu\/goldengoat-hcp\/?page_id=4"},"modified":"2020-12-19T00:39:25","modified_gmt":"2020-12-19T00:39:25","slug":"healthcare-professionals","status":"publish","type":"page","link":"https:\/\/www.goldengoat.com.tr\/hcp\/","title":{"rendered":"SA\u011eLIK PROFESYONELLER\u0130"},"content":{"rendered":"<!-- Added by Post\/Page Specific Custom Code plugin, thank you for using! -->\n<style>#header-outer:not(.transparent) #top #logo {width:95px!important;height:50px!important;}\r\n#header-outer #logo img {width:95px!important;height:50px!important;}\r\n#header-outer #logo {margin-top:15px!important;margin-bottom:15px!important;}\r\n#header-space {height:80px!important;}\r\nheader#top nav > ul > li > a {padding-top: 32px !important;}<\/style>\n[vc_row type=&#8221;full_width_background&#8221; full_screen_row_position=&#8221;middle&#8221; equal_height=&#8221;yes&#8221; content_placement=&#8221;middle&#8221; column_margin=&#8221;default&#8221; scene_position=&#8221;center&#8221; text_color=&#8221;dark&#8221; text_align=&#8221;left&#8221; id=&#8221;hcp-home&#8221; overlay_strength=&#8221;0.3&#8243; shape_divider_position=&#8221;bottom&#8221; bg_image_animation=&#8221;none&#8221; shape_type=&#8221;&#8221;][vc_column column_padding=&#8221;no-extra-padding&#8221; column_padding_position=&#8221;all&#8221; background_color_opacity=&#8221;1&#8243; background_hover_color_opacity=&#8221;1&#8243; column_link_target=&#8221;_self&#8221; column_shadow=&#8221;none&#8221; column_border_radius=&#8221;none&#8221; width=&#8221;1\/1&#8243; tablet_width_inherit=&#8221;default&#8221; tablet_text_alignment=&#8221;default&#8221; phone_text_alignment=&#8221;default&#8221; overlay_strength=&#8221;0.3&#8243; column_border_width=&#8221;none&#8221; column_border_style=&#8221;solid&#8221; bg_image_animation=&#8221;none&#8221;][divider line_type=&#8221;No Line&#8221; custom_height=&#8221;20&#8243;][vc_row_inner content_placement=&#8221;middle&#8221; column_margin=&#8221;default&#8221; top_padding=&#8221;5%&#8221; text_align=&#8221;left&#8221;][vc_column_inner column_padding=&#8221;no-extra-padding&#8221; column_padding_position=&#8221;all&#8221; background_color_opacity=&#8221;1&#8243; background_hover_color_opacity=&#8221;1&#8243; column_shadow=&#8221;none&#8221; column_border_radius=&#8221;none&#8221; column_link_target=&#8221;_self&#8221; width=&#8221;1\/2&#8243; tablet_width_inherit=&#8221;default&#8221; overlay_strength=&#8221;0.3&#8243; column_border_width=&#8221;none&#8221; column_border_style=&#8221;solid&#8221; bg_image_animation=&#8221;none&#8221;][vc_column_text]\n<h1>Sa\u011fl\u0131k<br \/>\nProfesyonelleri<br \/>\nAlan\u0131m\u0131za Ho\u015f Geldiniz<\/h1>\n[\/vc_column_text][\/vc_column_inner][vc_column_inner column_padding=&#8221;no-extra-padding&#8221; column_padding_position=&#8221;all&#8221; background_color_opacity=&#8221;1&#8243; background_hover_color_opacity=&#8221;1&#8243; column_shadow=&#8221;none&#8221; column_border_radius=&#8221;none&#8221; column_link_target=&#8221;_self&#8221; width=&#8221;1\/2&#8243; tablet_width_inherit=&#8221;default&#8221; overlay_strength=&#8221;0.3&#8243; column_border_width=&#8221;none&#8221; column_border_style=&#8221;solid&#8221; bg_image_animation=&#8221;none&#8221;][image_with_animation image_url=&#8221;116&#8243; alignment=&#8221;&#8221; animation=&#8221;Fade In From Right&#8221; hover_animation=&#8221;none&#8221; border_radius=&#8221;none&#8221; box_shadow=&#8221;none&#8221; image_loading=&#8221;default&#8221; max_width=&#8221;100%&#8221; max_width_mobile=&#8221;default&#8221; delay=&#8221;250&#8243; el_class=&#8221;hcp-header&#8221;][\/vc_column_inner][\/vc_row_inner][\/vc_column][\/vc_row][vc_row type=&#8221;in_container&#8221; full_screen_row_position=&#8221;middle&#8221; column_margin=&#8221;default&#8221; scene_position=&#8221;center&#8221; text_color=&#8221;dark&#8221; text_align=&#8221;left&#8221; top_padding=&#8221;10%&#8221; class=&#8221;hcp-intro&#8221; id=&#8221;hcp-intro&#8221; overlay_strength=&#8221;0.3&#8243; shape_divider_position=&#8221;bottom&#8221; bg_image_animation=&#8221;none&#8221; shape_type=&#8221;&#8221;][vc_column column_padding=&#8221;no-extra-padding&#8221; column_padding_position=&#8221;all&#8221; background_color_opacity=&#8221;1&#8243; background_hover_color_opacity=&#8221;1&#8243; column_link_target=&#8221;_self&#8221; column_shadow=&#8221;none&#8221; column_border_radius=&#8221;none&#8221; width=&#8221;2\/3&#8243; tablet_width_inherit=&#8221;default&#8221; tablet_text_alignment=&#8221;default&#8221; phone_text_alignment=&#8221;default&#8221; overlay_strength=&#8221;0.3&#8243; column_border_width=&#8221;none&#8221; column_border_style=&#8221;solid&#8221; bg_image_animation=&#8221;none&#8221;][vc_column_text]\n<h2>Golden Goat<sup>\u00ae<\/sup> Dairy Goat Co-operative taraf\u0131ndan \u00fcretilir.<\/h2>\n[\/vc_column_text][vc_column_text max_width=&#8221;875&#8243;]Ke\u00e7i s\u00fct\u00fc bazl\u0131 bebek form\u00fcl\u00fcnde d\u00fcnya lideri ve \u00f6nc\u00fcs\u00fc Dairy Goat Co-operative 30 y\u0131ld\u0131r 30 \u00fclkede bebekleri besliyor.[\/vc_column_text][\/vc_column][vc_column column_padding=&#8221;no-extra-padding&#8221; column_padding_position=&#8221;all&#8221; background_color_opacity=&#8221;1&#8243; background_hover_color_opacity=&#8221;1&#8243; column_link_target=&#8221;_self&#8221; column_shadow=&#8221;none&#8221; column_border_radius=&#8221;none&#8221; width=&#8221;1\/3&#8243; tablet_width_inherit=&#8221;default&#8221; tablet_text_alignment=&#8221;default&#8221; phone_text_alignment=&#8221;default&#8221; overlay_strength=&#8221;0.3&#8243; column_border_width=&#8221;none&#8221; column_border_style=&#8221;solid&#8221; bg_image_animation=&#8221;none&#8221;][\/vc_column][\/vc_row][vc_row type=&#8221;in_container&#8221; full_screen_row_position=&#8221;middle&#8221; column_margin=&#8221;default&#8221; scene_position=&#8221;center&#8221; text_color=&#8221;dark&#8221; text_align=&#8221;left&#8221; class=&#8221;hcp-steps&#8221; id=&#8221;hcp-steps&#8221; overlay_strength=&#8221;0.3&#8243; shape_divider_position=&#8221;bottom&#8221; bg_image_animation=&#8221;none&#8221; shape_type=&#8221;&#8221;][vc_column column_padding=&#8221;no-extra-padding&#8221; column_padding_position=&#8221;all&#8221; background_color_opacity=&#8221;1&#8243; background_hover_color_opacity=&#8221;1&#8243; column_link_target=&#8221;_self&#8221; column_shadow=&#8221;none&#8221; column_border_radius=&#8221;none&#8221; width=&#8221;1\/2&#8243; tablet_width_inherit=&#8221;default&#8221; tablet_text_alignment=&#8221;default&#8221; phone_text_alignment=&#8221;default&#8221; overlay_strength=&#8221;0.3&#8243; column_border_width=&#8221;none&#8221; column_border_style=&#8221;solid&#8221; bg_image_animation=&#8221;none&#8221;][vc_column_text]<span class=\"step-num\">1<\/span><br \/>\n<span class=\"step-text\"><strong>Sindirimi Kolay<\/strong><br \/>\n\u00c7al\u0131\u015fmalar\u0131m\u0131z Golden Goat<sup>\u00ae<\/sup>&#8216;un midede yumu\u015fak bir kaymak olu\u015fturdu\u011funu g\u00f6steriyor. Bu kaymak tipi, sindirim enzimlerinin proteinlere kolayca eri\u015fmelerine olanak tan\u0131yarak sindirime destek olur.<\/span>[\/vc_column_text][nectar_btn size=&#8221;medium&#8221; button_style=&#8221;regular&#8221; button_color_2=&#8221;Accent-Color&#8221; icon_family=&#8221;none&#8221; el_class=&#8221;process-butt&#8221; url=&#8221;\/hcp\/bilimimiz&#8221; text=&#8221;B\u0130L\u0130M\u0130M\u0130Z HAKKINDA DAHA FAZLA B\u0130LG\u0130 ED\u0130N\u0130N&#8221;][\/vc_column][vc_column column_padding=&#8221;no-extra-padding&#8221; column_padding_position=&#8221;all&#8221; background_color_opacity=&#8221;1&#8243; background_hover_color_opacity=&#8221;1&#8243; column_link_target=&#8221;_self&#8221; column_shadow=&#8221;none&#8221; column_border_radius=&#8221;none&#8221; width=&#8221;1\/2&#8243; tablet_width_inherit=&#8221;default&#8221; tablet_text_alignment=&#8221;default&#8221; phone_text_alignment=&#8221;default&#8221; overlay_strength=&#8221;0.3&#8243; column_border_width=&#8221;none&#8221; column_border_style=&#8221;solid&#8221; bg_image_animation=&#8221;none&#8221;][vc_column_text]<span class=\"step-num\">2<\/span><br \/>\n<span class=\"step-text\"><strong>Tam Ya\u011fl\u0131 Ke\u00e7i S\u00fct\u00fc Kullan\u0131larak \u00dcretilmi\u015ftir.<\/strong><br \/>\nGolden Goat<sup>\u00ae<\/sup> anne s\u00fct\u00fcndeki \u00f6nemli besinlerden biri olan s\u00fct ya\u011f\u0131n\u0131n do\u011fal m\u00fckemmelli\u011fini korur. Bu, form\u00fcllerimizin do\u011fal olarak s\u00fct ya\u011f\u0131 yuvar membran\u0131 ve sn-2 palmitik asit i\u00e7ermesi anlam\u0131na gelir.<\/span>[\/vc_column_text][nectar_btn size=&#8221;medium&#8221; button_style=&#8221;regular&#8221; button_color_2=&#8221;Accent-Color&#8221; icon_family=&#8221;none&#8221; el_class=&#8221;process-butt&#8221; url=&#8221;\/hcp\/uretim-surecimiz&#8221; text=&#8221;\u00dcRET\u0130M\u0130M\u0130Z HAKKINDA DAHA FAZLA B\u0130LG\u0130 ED\u0130N\u0130N&#8221; margin_top=&#8221;15&#8243;][\/vc_column][\/vc_row][vc_row type=&#8221;full_width_background&#8221; full_screen_row_position=&#8221;middle&#8221; column_margin=&#8221;default&#8221; scene_position=&#8221;center&#8221; text_color=&#8221;dark&#8221; text_align=&#8221;left&#8221; class=&#8221;science&#8221; id=&#8221;science&#8221; overlay_strength=&#8221;0.3&#8243; shape_divider_position=&#8221;bottom&#8221; bg_image_animation=&#8221;none&#8221; shape_type=&#8221;&#8221;][vc_column column_padding=&#8221;no-extra-padding&#8221; column_padding_position=&#8221;all&#8221; background_color_opacity=&#8221;1&#8243; background_hover_color_opacity=&#8221;1&#8243; column_link_target=&#8221;_self&#8221; column_shadow=&#8221;none&#8221; column_border_radius=&#8221;none&#8221; width=&#8221;1\/1&#8243; tablet_width_inherit=&#8221;default&#8221; tablet_text_alignment=&#8221;default&#8221; phone_text_alignment=&#8221;default&#8221; overlay_strength=&#8221;0.3&#8243; column_border_width=&#8221;none&#8221; column_border_style=&#8221;solid&#8221; bg_image_animation=&#8221;none&#8221;][vc_row_inner column_margin=&#8221;default&#8221; text_align=&#8221;left&#8221; class=&#8221;foot-text&#8221;][vc_column_inner column_padding=&#8221;no-extra-padding&#8221; column_padding_position=&#8221;all&#8221; background_color_opacity=&#8221;1&#8243; background_hover_color_opacity=&#8221;1&#8243; column_shadow=&#8221;none&#8221; column_border_radius=&#8221;none&#8221; column_link_target=&#8221;_self&#8221; width=&#8221;1\/2&#8243; tablet_width_inherit=&#8221;default&#8221; overlay_strength=&#8221;0.3&#8243; column_border_width=&#8221;none&#8221; column_border_style=&#8221;solid&#8221; bg_image_animation=&#8221;none&#8221;][image_with_animation image_url=&#8221;118&#8243; alignment=&#8221;&#8221; animation=&#8221;Fade In&#8221; hover_animation=&#8221;none&#8221; border_radius=&#8221;none&#8221; box_shadow=&#8221;none&#8221; image_loading=&#8221;default&#8221; max_width=&#8221;100%&#8221; max_width_mobile=&#8221;default&#8221; delay=&#8221;200&#8243; el_class=&#8221;hcp-baby&#8221;][\/vc_column_inner][vc_column_inner column_padding=&#8221;no-extra-padding&#8221; column_padding_position=&#8221;all&#8221; background_color_opacity=&#8221;1&#8243; background_hover_color_opacity=&#8221;1&#8243; column_shadow=&#8221;none&#8221; column_border_radius=&#8221;none&#8221; column_link_target=&#8221;_self&#8221; width=&#8221;1\/2&#8243; tablet_width_inherit=&#8221;default&#8221; overlay_strength=&#8221;0.3&#8243; column_border_width=&#8221;none&#8221; column_border_style=&#8221;solid&#8221; bg_image_animation=&#8221;none&#8221;][vc_column_text el_class=&#8221;science-content&#8221;]\n<h3>Golden Goat<sup>\u00ae<\/sup> ke\u00e7i s\u00fct\u00fc bebek form\u00fclleri;<\/h3>\n<p>20 y\u0131ll\u0131k bir ara\u015ft\u0131rman\u0131n ve \u00e7ok say\u0131da klinik testin sonunda d\u00fcnyada klinik olarak onaylanm\u0131\u015f bir \u00fcr\u00fcnd\u00fcr.[\/vc_column_text][nectar_btn size=&#8221;medium&#8221; button_style=&#8221;regular&#8221; button_color_2=&#8221;Accent-Color&#8221; icon_family=&#8221;none&#8221; url=&#8221;\/hcp\/yayinlarimiz&#8221; text=&#8221;YAYINLARIMIZA G\u00d6Z ATIN&#8221;][\/vc_column_inner][\/vc_row_inner][\/vc_column][\/vc_row]\n","protected":false},"excerpt":{"rendered":"<p>[vc_row type=&#8221;full_width_background&#8221; full_screen_row_position=&#8221;middle&#8221; equal_height=&#8221;yes&#8221; content_placement=&#8221;middle&#8221; column_margin=&#8221;default&#8221; scene_position=&#8221;center&#8221; text_color=&#8221;dark&#8221; text_align=&#8221;left&#8221; id=&#8221;hcp-home&#8221; overlay_strength=&#8221;0.3&#8243; shape_divider_position=&#8221;bottom&#8221; bg_image_animation=&#8221;none&#8221; shape_type=&#8221;&#8221;][vc_column column_padding=&#8221;no-extra-padding&#8221; column_padding_position=&#8221;all&#8221; background_color_opacity=&#8221;1&#8243; background_hover_color_opacity=&#8221;1&#8243; column_link_target=&#8221;_self&#8221; column_shadow=&#8221;none&#8221; column_border_radius=&#8221;none&#8221; width=&#8221;1\/1&#8243; tablet_width_inherit=&#8221;default&#8221; tablet_text_alignment=&#8221;default&#8221; phone_text_alignment=&#8221;default&#8221; overlay_strength=&#8221;0.3&#8243; column_border_width=&#8221;none&#8221; column_border_style=&#8221;solid&#8221; bg_image_animation=&#8221;none&#8221;][divider line_type=&#8221;No&#8230;<\/p>\n","protected":false},"author":1,"featured_media":0,"parent":0,"menu_order":0,"comment_status":"closed","ping_status":"closed","template":"","meta":[],"yoast_head":"<!-- This site is optimized with the Yoast SEO plugin v21.1 - https:\/\/yoast.com\/wordpress\/plugins\/seo\/ -->\n<title>SA\u011eLIK PROFESYONELLER\u0130 - Golden Goat HCP<\/title>\n<meta name=\"description\" content=\"Sa\u011fl\u0131k Profesyonelleri Portal\u0131; Golden Goat\u2019un arkas\u0131ndaki ara\u015ft\u0131rmalar\u0131 payla\u015fmak ve form\u00fcl hakk\u0131nda detayl\u0131 e\u011fitim kaynaklar\u0131 sa\u011flamak \u00fczere sa\u011fl\u0131k uzmanlar\u0131 i\u00e7in tasarlanm\u0131\u015ft\u0131r.\" \/>\n<meta name=\"robots\" content=\"index, follow, max-snippet:-1, max-image-preview:large, max-video-preview:-1\" \/>\n<link rel=\"canonical\" href=\"https:\/\/www.goldengoat.com.tr\/hcp\/\" \/>\n<meta property=\"og:locale\" content=\"en_US\" \/>\n<meta property=\"og:type\" content=\"article\" \/>\n<meta property=\"og:title\" content=\"SA\u011eLIK PROFESYONELLER\u0130 - Golden Goat HCP\" \/>\n<meta property=\"og:description\" content=\"Sa\u011fl\u0131k Profesyonelleri Portal\u0131; Golden Goat\u2019un arkas\u0131ndaki ara\u015ft\u0131rmalar\u0131 payla\u015fmak ve form\u00fcl hakk\u0131nda detayl\u0131 e\u011fitim kaynaklar\u0131 sa\u011flamak \u00fczere sa\u011fl\u0131k uzmanlar\u0131 i\u00e7in tasarlanm\u0131\u015ft\u0131r.\" \/>\n<meta property=\"og:url\" content=\"https:\/\/www.goldengoat.com.tr\/hcp\/\" \/>\n<meta property=\"og:site_name\" content=\"Golden Goat HCP\" \/>\n<meta property=\"article:modified_time\" content=\"2020-12-19T00:39:25+00:00\" \/>\n<meta name=\"twitter:card\" content=\"summary_large_image\" \/>\n<meta name=\"twitter:label1\" content=\"Est. reading time\" \/>\n\t<meta name=\"twitter:data1\" content=\"5 minutes\" \/>\n<script type=\"application\/ld+json\" class=\"yoast-schema-graph\">{\"@context\":\"https:\/\/schema.org\",\"@graph\":[{\"@type\":\"WebPage\",\"@id\":\"https:\/\/www.goldengoat.com.tr\/hcp\/\",\"url\":\"https:\/\/www.goldengoat.com.tr\/hcp\/\",\"name\":\"SA\u011eLIK PROFESYONELLER\u0130 - Golden Goat HCP\",\"isPartOf\":{\"@id\":\"https:\/\/www.goldengoat.com.tr\/hcp\/#website\"},\"datePublished\":\"2019-12-20T20:58:06+00:00\",\"dateModified\":\"2020-12-19T00:39:25+00:00\",\"description\":\"Sa\u011fl\u0131k Profesyonelleri Portal\u0131; Golden Goat\u2019un arkas\u0131ndaki ara\u015ft\u0131rmalar\u0131 payla\u015fmak ve form\u00fcl hakk\u0131nda detayl\u0131 e\u011fitim kaynaklar\u0131 sa\u011flamak \u00fczere sa\u011fl\u0131k uzmanlar\u0131 i\u00e7in tasarlanm\u0131\u015ft\u0131r.\",\"breadcrumb\":{\"@id\":\"https:\/\/www.goldengoat.com.tr\/hcp\/#breadcrumb\"},\"inLanguage\":\"en-NZ\",\"potentialAction\":[{\"@type\":\"ReadAction\",\"target\":[\"https:\/\/www.goldengoat.com.tr\/hcp\/\"]}]},{\"@type\":\"BreadcrumbList\",\"@id\":\"https:\/\/www.goldengoat.com.tr\/hcp\/#breadcrumb\",\"itemListElement\":[{\"@type\":\"ListItem\",\"position\":1,\"name\":\"Home\",\"item\":\"https:\/\/www.goldengoat.com.tr\/hcp\/\"},{\"@type\":\"ListItem\",\"position\":2,\"name\":\"SA\u011eLIK PROFESYONELLER\u0130\"}]},{\"@type\":\"WebSite\",\"@id\":\"https:\/\/www.goldengoat.com.tr\/hcp\/#website\",\"url\":\"https:\/\/www.goldengoat.com.tr\/hcp\/\",\"name\":\"Golden Goat HCP\",\"description\":\"\",\"potentialAction\":[{\"@type\":\"SearchAction\",\"target\":{\"@type\":\"EntryPoint\",\"urlTemplate\":\"https:\/\/www.goldengoat.com.tr\/hcp\/?s={search_term_string}\"},\"query-input\":\"required name=search_term_string\"}],\"inLanguage\":\"en-NZ\"}]}<\/script>\n<!-- \/ Yoast SEO plugin. -->","yoast_head_json":{"title":"SA\u011eLIK PROFESYONELLER\u0130 - Golden Goat HCP","description":"Sa\u011fl\u0131k Profesyonelleri Portal\u0131; Golden Goat\u2019un arkas\u0131ndaki ara\u015ft\u0131rmalar\u0131 payla\u015fmak ve form\u00fcl hakk\u0131nda detayl\u0131 e\u011fitim kaynaklar\u0131 sa\u011flamak \u00fczere sa\u011fl\u0131k uzmanlar\u0131 i\u00e7in tasarlanm\u0131\u015ft\u0131r.","robots":{"index":"index","follow":"follow","max-snippet":"max-snippet:-1","max-image-preview":"max-image-preview:large","max-video-preview":"max-video-preview:-1"},"canonical":"https:\/\/www.goldengoat.com.tr\/hcp\/","og_locale":"en_US","og_type":"article","og_title":"SA\u011eLIK PROFESYONELLER\u0130 - Golden Goat HCP","og_description":"Sa\u011fl\u0131k Profesyonelleri Portal\u0131; Golden Goat\u2019un arkas\u0131ndaki ara\u015ft\u0131rmalar\u0131 payla\u015fmak ve form\u00fcl hakk\u0131nda detayl\u0131 e\u011fitim kaynaklar\u0131 sa\u011flamak \u00fczere sa\u011fl\u0131k uzmanlar\u0131 i\u00e7in tasarlanm\u0131\u015ft\u0131r.","og_url":"https:\/\/www.goldengoat.com.tr\/hcp\/","og_site_name":"Golden Goat HCP","article_modified_time":"2020-12-19T00:39:25+00:00","twitter_card":"summary_large_image","twitter_misc":{"Est. reading time":"5 minutes"},"schema":{"@context":"https:\/\/schema.org","@graph":[{"@type":"WebPage","@id":"https:\/\/www.goldengoat.com.tr\/hcp\/","url":"https:\/\/www.goldengoat.com.tr\/hcp\/","name":"SA\u011eLIK PROFESYONELLER\u0130 - Golden Goat HCP","isPartOf":{"@id":"https:\/\/www.goldengoat.com.tr\/hcp\/#website"},"datePublished":"2019-12-20T20:58:06+00:00","dateModified":"2020-12-19T00:39:25+00:00","description":"Sa\u011fl\u0131k Profesyonelleri Portal\u0131; Golden Goat\u2019un arkas\u0131ndaki ara\u015ft\u0131rmalar\u0131 payla\u015fmak ve form\u00fcl hakk\u0131nda detayl\u0131 e\u011fitim kaynaklar\u0131 sa\u011flamak \u00fczere sa\u011fl\u0131k uzmanlar\u0131 i\u00e7in tasarlanm\u0131\u015ft\u0131r.","breadcrumb":{"@id":"https:\/\/www.goldengoat.com.tr\/hcp\/#breadcrumb"},"inLanguage":"en-NZ","potentialAction":[{"@type":"ReadAction","target":["https:\/\/www.goldengoat.com.tr\/hcp\/"]}]},{"@type":"BreadcrumbList","@id":"https:\/\/www.goldengoat.com.tr\/hcp\/#breadcrumb","itemListElement":[{"@type":"ListItem","position":1,"name":"Home","item":"https:\/\/www.goldengoat.com.tr\/hcp\/"},{"@type":"ListItem","position":2,"name":"SA\u011eLIK PROFESYONELLER\u0130"}]},{"@type":"WebSite","@id":"https:\/\/www.goldengoat.com.tr\/hcp\/#website","url":"https:\/\/www.goldengoat.com.tr\/hcp\/","name":"Golden Goat HCP","description":"","potentialAction":[{"@type":"SearchAction","target":{"@type":"EntryPoint","urlTemplate":"https:\/\/www.goldengoat.com.tr\/hcp\/?s={search_term_string}"},"query-input":"required name=search_term_string"}],"inLanguage":"en-NZ"}]}},"_links":{"self":[{"href":"https:\/\/www.goldengoat.com.tr\/hcp\/wp-json\/wp\/v2\/pages\/4"}],"collection":[{"href":"https:\/\/www.goldengoat.com.tr\/hcp\/wp-json\/wp\/v2\/pages"}],"about":[{"href":"https:\/\/www.goldengoat.com.tr\/hcp\/wp-json\/wp\/v2\/types\/page"}],"author":[{"embeddable":true,"href":"https:\/\/www.goldengoat.com.tr\/hcp\/wp-json\/wp\/v2\/users\/1"}],"replies":[{"embeddable":true,"href":"https:\/\/www.goldengoat.com.tr\/hcp\/wp-json\/wp\/v2\/comments?post=4"}],"version-history":[{"count":54,"href":"https:\/\/www.goldengoat.com.tr\/hcp\/wp-json\/wp\/v2\/pages\/4\/revisions"}],"predecessor-version":[{"id":903,"href":"https:\/\/www.goldengoat.com.tr\/hcp\/wp-json\/wp\/v2\/pages\/4\/revisions\/903"}],"wp:attachment":[{"href":"https:\/\/www.goldengoat.com.tr\/hcp\/wp-json\/wp\/v2\/media?parent=4"}],"curies":[{"name":"wp","href":"https:\/\/api.w.org\/{rel}","templated":true}]}}